{"id":110,"date":"2016-04-27T19:57:48","date_gmt":"2016-04-27T17:57:48","guid":{"rendered":"https:\/\/mg-products.com\/de\/producten\/test-adapters\/"},"modified":"2017-11-21T13:04:04","modified_gmt":"2017-11-21T12:04:04","slug":"pruefadapters","status":"publish","type":"page","link":"https:\/\/mg-products.com\/de\/produkte-2\/pruefadapters\/","title":{"rendered":"Pr\u00fcfadapters"},"content":{"rendered":"<p>Testadapters<\/p>\n<p><img decoding=\"async\" src=\"https:\/\/mg-products.com\/wp-content\/uploads\/2016\/04\/Testadapter-mainvisual.jpg\" alt=\"Testadapter mainvisual\" \/><\/p>\n<p>20<\/p>\n<p>https:\/\/mg-products.com\/wp-content\/uploads\/2016\/04\/Testadapter-mainvisual.jpg<\/p>\n<p>disable<\/p>\n<p>10<\/p>\n<p>default<\/p>\n<p><img decoding=\"async\" src=\"https:\/\/mg-products.com\/wp-content\/uploads\/2016\/04\/mg00-1.jpg\" alt=\"mg00\" \/><\/p>\n<p><a href=\"http:\/\/www.mg-products.com\/de\/produkte\/pruefadapters\/mg00\/\">http:\/\/www.mg-products.com\/de\/produkte\/pruefadapters\/mg00\/<\/a><\/p>\n<p>disable<\/p>\n<p><img decoding=\"async\" src=\"https:\/\/mg-products.com\/wp-content\/uploads\/2016\/04\/mg01-1.jpg\" alt=\"mg01\" \/><\/p>\n<p><a href=\"http:\/\/www.mg-products.com\/de\/produkte\/pruefadapters\/mg01\/\">http:\/\/www.mg-products.com\/de\/produkte\/pruefadapters\/mg01\/<\/a><\/p>\n<p>disable<\/p>\n<p><img decoding=\"async\" src=\"https:\/\/mg-products.com\/wp-content\/uploads\/2016\/04\/mg02-1.jpg\" alt=\"mg02\" \/><\/p>\n<p>center<\/p>\n<p><a href=\"http:\/\/www.mg-products.com\/de\/produkte\/pruefadapters\/mg02\/\">http:\/\/www.mg-products.com\/de\/produkte\/pruefadapters\/mg02\/<\/a><\/p>\n<p>disable<\/p>\n<p><img decoding=\"async\" src=\"https:\/\/mg-products.com\/wp-content\/uploads\/2016\/04\/mg02-01.jpg\" alt=\"mg02 - 01\" \/><\/p>\n<p><a href=\"http:\/\/www.mg-products.com\/de\/produkte\/pruefadapters\/mg02-01\/\">http:\/\/www.mg-products.com\/de\/produkte\/pruefadapters\/mg02-01\/<\/a><\/p>\n<p>disable<\/p>\n<p>&nbsp;<\/p>\n<p style=\"color: #ffffff; font-size: 100%;\">MG00<\/p>\n<p>center<\/p>\n<p>#0074AB<\/p>\n<p>no-repeat;center top;;<\/p>\n<p>&nbsp;<\/p>\n<p style=\"color: #ffffff; font-size: 100%;\">MG01<\/p>\n<p>center<\/p>\n<p>#0074AB<\/p>\n<p>no-repeat;center top;;<\/p>\n<p>&nbsp;<\/p>\n<p style=\"color: #ffffff; font-size: 100%;\">MG02<\/p>\n<p>center<\/p>\n<p>#0074AB<\/p>\n<p>no-repeat;center top;;<\/p>\n<p>&nbsp;<\/p>\n<p style=\"color: #ffffff; font-size: 100%;\">MG02-01<\/p>\n<p>center<\/p>\n<p>#0074AB<\/p>\n<p>no-repeat;center top;;<\/p>\n<p>10<\/p>\n<p>default<\/p>\n<p><img decoding=\"async\" src=\"https:\/\/mg-products.com\/wp-content\/uploads\/2016\/04\/mg03-01-1.jpg\" alt=\"mg03 -01\" \/><\/p>\n<p><a href=\"http:\/\/www.mg-products.com\/de\/produkte\/pruefadapters\/mg03\/\">http:\/\/www.mg-products.com\/de\/produkte\/pruefadapters\/mg03\/<\/a><\/p>\n<p>disable<\/p>\n<p><img decoding=\"async\" src=\"https:\/\/mg-products.com\/wp-content\/uploads\/2016\/04\/mg03-01-1.jpg\" alt=\"mg03 -01\" \/><\/p>\n<p><a href=\"http:\/\/www.mg-products.com\/de\/produkte\/pruefadapters\/mg03-01\/\">http:\/\/www.mg-products.com\/de\/produkte\/pruefadapters\/mg03-01\/<\/a><\/p>\n<p>disable<\/p>\n<p><img decoding=\"async\" src=\"https:\/\/mg-products.com\/wp-content\/uploads\/2016\/04\/mg04-01.jpg\" alt=\"mg04 -01\" \/><\/p>\n<p><a href=\"http:\/\/www.mg-products.com\/de\/produkte\/pruefadapters\/mg04\/\">http:\/\/www.mg-products.com\/de\/produkte\/pruefadapters\/mg04\/<\/a><\/p>\n<p>disable<\/p>\n<p><img decoding=\"async\" src=\"https:\/\/mg-products.com\/wp-content\/uploads\/2016\/04\/mg04.jpg\" alt=\"mg04\" \/><\/p>\n<p><a href=\"http:\/\/www.mg-products.com\/de\/produkte\/pruefadapters\/mg04-01\/\">http:\/\/www.mg-products.com\/de\/produkte\/pruefadapters\/mg04-01\/<\/a><\/p>\n<p>disable<\/p>\n<p>&nbsp;<\/p>\n<p style=\"color: #ffffff; font-size: 100%;\">MG03<\/p>\n<p>center<\/p>\n<p>#0074AB<\/p>\n<p>no-repeat;center top;;<\/p>\n<p>&nbsp;<\/p>\n<p style=\"color: #ffffff; font-size: 100%;\">MG03-01<\/p>\n<p>center<\/p>\n<p>#0074AB<\/p>\n<p>no-repeat;center top;;<\/p>\n<p>&nbsp;<\/p>\n<p style=\"color: #ffffff; font-size: 100%;\">MG04<\/p>\n<p>center<\/p>\n<p>#0074AB<\/p>\n<p>no-repeat;center top;;<\/p>\n<p>&nbsp;<\/p>\n<p style=\"color: #ffffff; font-size: 100%;\">MG04-01<\/p>\n<p>center<\/p>\n<p>#0074AB<\/p>\n<p>no-repeat;center top;;<\/p>\n<h1 style=\"color: #ffffff;\">Pr\u00fcfadapters<\/h1>\n<p style=\"color: #ffffff; font-size: 100%;\">In Anbetracht der Miniaturisierung in der modernen Elektronik ist es wichtig, die Qualit\u00e4t mittels sorgf\u00e4ltiger elektrischer Pr\u00fcfungen zu gew\u00e4hrleisten. Zuverl\u00e4ssiger elektrischer Kontakt zwischen Pr\u00fcfger\u00e4t und Pr\u00fcfling (UUT &#8211; Unit Under Test) ist von grundlegender Bedeutung. MG Products hat speziell zu diesem Zweck eine Serie linearer Pr\u00fcfadapter (Testfixtures) entwickelt: die MG-Serie. Die Zuverl\u00e4ssigkeit und Kontaktgenauigkeit eines Pr\u00fcfadapters h\u00e4ngt stark von der mechanischen Konstruktion ab. Aus diesem Grund verwendet MG Products Teile aus massivem Aluminium.<\/p>\n<p>Die Konstruktion kennzeichnet sich durch ein einzigartiges mechanisches Andr\u00fccksystem mit Kugellagern und Gleitbuchsen. Der Pr\u00fcfling wird vollst\u00e4ndig linear mit den Federkontaktstiften kontaktiert, die mit dem Pr\u00fcfger\u00e4t verbunden sind. Die Kontaktierung des Pr\u00fcflings kann gleichzeitig von oben und unten erfolgen, optional sogar seitlich. In dem ger\u00e4umigen, ergonomischen Geh\u00e4use ist zus\u00e4tzlicher Platz f\u00fcr Messelektronik. Die R\u00fcck- und Unterseite des Geh\u00e4uses k\u00f6nnen an die verschiedenen Pr\u00fcfsystemschnittstellen angepasst werden..<\/p>\n<p>#0074AB<\/p>\n<p>no-repeat;center top;;<\/p>\n<p>0px<\/p>\n<p>10px<\/p>\n<p>border-radius: 20px !important; padding: 20px !important;<\/p>\n<p>[button title=&#8220;Download PDF \u00bb &#8220; icon=&#8220;&#8220; icon_position=&#8220;&#8220; link=&#8220;https:\/\/mg-products.com\/wp-content\/uploads\/2016\/07\/mg00-productleaflet-de.pdf&#8220; target=&#8220;&#8220; color=&#8220;#3399CC&#8220; font_color=&#8220;#ffffff&#8220; size=&#8220;1&#8243; full_width=&#8220;&#8220; class=&#8220;&#8220; download=&#8220;&#8220; onclick=&#8220;&#8220;]<br \/>\n[button title=&#8220;Angebotsanfrage \u00bb &#8220; icon=&#8220;&#8220; icon_position=&#8220;&#8220; link=&#8220;\/de\/Angebotsanfrage\/&#8220; target=&#8220;&#8220; color=&#8220;#3399CC&#8220; font_color=&#8220;#ffffff&#8220; size=&#8220;1&#8243; full_width=&#8220;&#8220; class=&#8220;&#8220; download=&#8220;&#8220; onclick=&#8220;&#8220;]<br \/>\n[button title=&#8220;Kontakt \u00bb &#8220; icon=&#8220;&#8220; icon_position=&#8220;&#8220; link=&#8220;\/de\/kontakt\/&#8220; target=&#8220;&#8220; color=&#8220;#3399CC&#8220; font_color=&#8220;#ffffff&#8220; size=&#8220;1&#8243; full_width=&#8220;&#8220; class=&#8220;&#8220; download=&#8220;&#8220; onclick=&#8220;&#8220;]<\/p>\n<p>no-repeat;center top;;<\/p>\n<p>20px<\/p>\n","protected":false},"excerpt":{"rendered":"<p>Testadapters 20 https:\/\/mg-products.com\/wp-content\/uploads\/2016\/04\/Testadapter-mainvisual.jpg disable 10 default http:\/\/www.mg-products.com\/de\/produkte\/pruefadapters\/mg00\/ disable http:\/\/www.mg-products.com\/de\/produkte\/pruefadapters\/mg01\/ disable center http:\/\/www.mg-products.com\/de\/produkte\/pruefadapters\/mg02\/ disable http:\/\/www.mg-products.com\/de\/produkte\/pruefadapters\/mg02-01\/ disable &nbsp; MG00 center #0074AB no-repeat;center top;; &nbsp; MG01 center #0074AB no-repeat;center top;; &nbsp; MG02 center #0074AB no-repeat;center top;; &nbsp; MG02-01 center #0074AB no-repeat;center top;; 10 default http:\/\/www.mg-products.com\/de\/produkte\/pruefadapters\/mg03\/ disable http:\/\/www.mg-products.com\/de\/produkte\/pruefadapters\/mg03-01\/ disable http:\/\/www.mg-products.com\/de\/produkte\/pruefadapters\/mg04\/ disable http:\/\/www.mg-products.com\/de\/produkte\/pruefadapters\/mg04-01\/ disable &nbsp; MG03 center #0074AB no-repeat;center top;; [&hellip;]<\/p>\n","protected":false},"author":2,"featured_media":2212,"parent":1978,"menu_order":1,"comment_status":"closed","ping_status":"closed","template":"","meta":{"footnotes":""},"class_list":["post-110","page","type-page","status-publish","has-post-thumbnail","hentry"],"_links":{"self":[{"href":"https:\/\/mg-products.com\/de\/wp-json\/wp\/v2\/pages\/110","targetHints":{"allow":["GET"]}}],"collection":[{"href":"https:\/\/mg-products.com\/de\/wp-json\/wp\/v2\/pages"}],"about":[{"href":"https:\/\/mg-products.com\/de\/wp-json\/wp\/v2\/types\/page"}],"author":[{"embeddable":true,"href":"https:\/\/mg-products.com\/de\/wp-json\/wp\/v2\/users\/2"}],"replies":[{"embeddable":true,"href":"https:\/\/mg-products.com\/de\/wp-json\/wp\/v2\/comments?post=110"}],"version-history":[{"count":5,"href":"https:\/\/mg-products.com\/de\/wp-json\/wp\/v2\/pages\/110\/revisions"}],"predecessor-version":[{"id":818,"href":"https:\/\/mg-products.com\/de\/wp-json\/wp\/v2\/pages\/110\/revisions\/818"}],"up":[{"embeddable":true,"href":"https:\/\/mg-products.com\/de\/wp-json\/wp\/v2\/pages\/1978"}],"wp:featuredmedia":[{"embeddable":true,"href":"https:\/\/mg-products.com\/de\/wp-json\/wp\/v2\/media\/2212"}],"wp:attachment":[{"href":"https:\/\/mg-products.com\/de\/wp-json\/wp\/v2\/media?parent=110"}],"curies":[{"name":"wp","href":"https:\/\/api.w.org\/{rel}","templated":true}]}}