{"id":1605,"date":"2022-03-09T14:24:35","date_gmt":"2022-03-09T13:24:35","guid":{"rendered":"https:\/\/mg-products-d-o-t-com.alvast-online.nl\/?page_id=1605"},"modified":"2022-03-10T15:35:53","modified_gmt":"2022-03-10T14:35:53","slug":"diensten","status":"publish","type":"page","link":"https:\/\/mg-products.com\/de\/diensten\/","title":{"rendered":"Dienstleistungen"},"content":{"rendered":"\n<div class=\"wp-block-cover alignfull has-background-dim-40 has-primary-background-color has-background-dim\"><img loading=\"lazy\" decoding=\"async\" width=\"2000\" height=\"1333\" class=\"wp-block-cover__image-background wp-image-1607\" alt=\"\" src=\"https:\/\/mg-products.com\/wp-content\/uploads\/2021\/12\/060A5084.jpg\" style=\"object-position:53% 19%\" data-object-fit=\"cover\" data-object-position=\"53% 19%\" srcset=\"https:\/\/mg-products.com\/wp-content\/uploads\/2021\/12\/060A5084.jpg 2000w, https:\/\/mg-products.com\/wp-content\/uploads\/2021\/12\/060A5084-300x200.jpg 300w, https:\/\/mg-products.com\/wp-content\/uploads\/2021\/12\/060A5084-1024x682.jpg 1024w, https:\/\/mg-products.com\/wp-content\/uploads\/2021\/12\/060A5084-768x512.jpg 768w, https:\/\/mg-products.com\/wp-content\/uploads\/2021\/12\/060A5084-1536x1024.jpg 1536w\" sizes=\"auto, (max-width: 2000px) 100vw, 2000px\" \/><div class=\"wp-block-cover__inner-container is-layout-flow wp-block-cover-is-layout-flow\">\n<h1 class=\"has-xxxxl-font-size wp-block-heading\">Dienstleistungen<\/h1>\n\n\n\n<p class=\"has-xl-font-size\">Mechanische L\u00f6sungen nach Ma\u00df<\/p>\n<\/div><\/div>\n\n\n\n<div style=\"height:56px\" aria-hidden=\"true\" class=\"wp-block-spacer\"><\/div>\n\n\n\n<div class=\"wp-block-columns is-layout-flex wp-container-core-columns-is-layout-9d6595d7 wp-block-columns-is-layout-flex\">\n<div class=\"wp-block-column is-layout-flow wp-block-column-is-layout-flow\" style=\"flex-basis:75%\">\n<p class=\"has-text-align-left\" style=\"font-size:19px\">MG Products bietet eine breite Palette von Dienstleistungen f\u00fcr die Elektronikfertigungsindustrie.<\/p>\n<\/div>\n<\/div>\n\n\n\n<div class=\"wp-block-columns is-layout-flex wp-container-core-columns-is-layout-9d6595d7 wp-block-columns-is-layout-flex\">\n<div class=\"wp-block-column is-layout-flow wp-block-column-is-layout-flow\" style=\"flex-basis:100%\">\n<div class=\"wp-block-columns is-layout-flex wp-container-core-columns-is-layout-9d6595d7 wp-block-columns-is-layout-flex\">\n<div class=\"wp-block-column is-layout-flow wp-block-column-is-layout-flow\" style=\"flex-basis:50%\">\n<p>Wir m\u00f6chten es unseren Kunden so einfach wie m\u00f6glich machen. Deshalb bieten wir verschiedene Dienstleistungen an, um Ihnen zu helfen.<\/p>\n\n\n\n<p>Nachstehend finden Sie die verschiedenen Dienstleistungen, mit denen wir Ihrem Unternehmen helfen k\u00f6nnen.<\/p>\n<\/div>\n\n\n\n<div class=\"wp-block-column is-layout-flow wp-block-column-is-layout-flow\" style=\"flex-basis:50%\">\n<figure class=\"wp-block-pullquote\" style=\"border-color:#0074A2\"><blockquote class=\"has-text-color has-primary-color\"><p>Haben Sie spezielle W\u00fcnsche? Bitte kontaktieren Sie uns, wir denken gerne mit Ihnen zusammen dar\u00fcber nach.<\/p><\/blockquote><\/figure>\n<\/div>\n<\/div>\n<\/div>\n<\/div>\n\n\n\n<p><\/p>\n\n\n\n<div class=\"wp-block-group alignfull pattern-bg has-info-background-color has-background\"><div class=\"wp-block-group__inner-container is-layout-flow wp-block-group-is-layout-flow\"><div class=\"grid grid-cols-1 md:grid-cols-2 lg:grid-cols-3 gap-8\">\t<div class=\"rounded-xl has-light-background-color\">\n\t\t<a href=\"https:\/\/mg-products.com\/de\/services\/pressfit-arbeiten\/\" class=\"block h-48 w-full rounded-t-xl bg-cover bg-center\" style=\"background-image: url(https:\/\/mg-products.com\/wp-content\/uploads\/2021\/09\/Press-fit-onderplaat-met-aandruk-tooling-scaled.jpg);\"><\/a>\n\t\t<div class=\"p-8\">\n\t\t\t<a href=\"https:\/\/mg-products.com\/de\/services\/pressfit-arbeiten\/\" class=\"text-primary\"><h2 class=\"!text-2xl\">Pressfit-Arbeiten<\/h2><\/a>\n\t\t\t<div class=\"arrow__link\">\n\t\t\t\t<a href=\"https:\/\/mg-products.com\/de\/services\/pressfit-arbeiten\/\" class=\"text-primary\">lees meer<\/a>\n\t\t\t<\/div>\n\t\t<\/div>\n\t<\/div>\n\t\t\t<div class=\"rounded-xl has-light-background-color\">\n\t\t<a href=\"https:\/\/mg-products.com\/de\/services\/verkabelung\/\" class=\"block h-48 w-full rounded-t-xl bg-cover bg-center\" style=\"background-image: url(https:\/\/mg-products.com\/wp-content\/uploads\/2022\/01\/060A5322.jpg);\"><\/a>\n\t\t<div class=\"p-8\">\n\t\t\t<a href=\"https:\/\/mg-products.com\/de\/services\/verkabelung\/\" class=\"text-primary\"><h2 class=\"!text-2xl\">Verkabelung<\/h2><\/a>\n\t\t\t<div class=\"arrow__link\">\n\t\t\t\t<a href=\"https:\/\/mg-products.com\/de\/services\/verkabelung\/\" class=\"text-primary\">lees meer<\/a>\n\t\t\t<\/div>\n\t\t<\/div>\n\t<\/div>\n\t\t\t<div class=\"rounded-xl has-light-background-color\">\n\t\t<a href=\"https:\/\/mg-products.com\/de\/services\/cad-engineering\/\" class=\"block h-48 w-full rounded-t-xl bg-cover bg-center\" style=\"background-image: url(https:\/\/mg-products.com\/wp-content\/uploads\/2021\/08\/060A5086.jpg);\"><\/a>\n\t\t<div class=\"p-8\">\n\t\t\t<a href=\"https:\/\/mg-products.com\/de\/services\/cad-engineering\/\" class=\"text-primary\"><h2 class=\"!text-2xl\">CAD Engineering<\/h2><\/a>\n\t\t\t<div class=\"arrow__link\">\n\t\t\t\t<a href=\"https:\/\/mg-products.com\/de\/services\/cad-engineering\/\" class=\"text-primary\">lees meer<\/a>\n\t\t\t<\/div>\n\t\t<\/div>\n\t<\/div>\n\t\t\t<div class=\"rounded-xl has-light-background-color\">\n\t\t<a href=\"https:\/\/mg-products.com\/de\/services\/lasergravur\/\" class=\"block h-48 w-full rounded-t-xl bg-cover bg-center\" style=\"background-image: url(https:\/\/mg-products.com\/wp-content\/uploads\/2022\/01\/Foto2-scaled.jpg);\"><\/a>\n\t\t<div class=\"p-8\">\n\t\t\t<a href=\"https:\/\/mg-products.com\/de\/services\/lasergravur\/\" class=\"text-primary\"><h2 class=\"!text-2xl\">Lasergravur<\/h2><\/a>\n\t\t\t<div class=\"arrow__link\">\n\t\t\t\t<a href=\"https:\/\/mg-products.com\/de\/services\/lasergravur\/\" class=\"text-primary\">lees meer<\/a>\n\t\t\t<\/div>\n\t\t<\/div>\n\t<\/div>\n\t\t<\/div>\n<\/div><\/div>\n\n\n\n<div class=\"wp-block-group is-layout-flow wp-block-group-is-layout-flow\"><div class=\"wp-block-group__inner-container\"><\/div><\/div>\n","protected":false},"excerpt":{"rendered":"<p>MG Products bietet eine breite Palette von Dienstleistungen f\u00fcr die Elektronikfertigungsindustrie. Wir m\u00f6chten es unseren Kunden so einfach wie m\u00f6glich machen. Deshalb bieten wir verschiedene Dienstleistungen an, um Ihnen zu helfen. Nachstehend finden Sie die verschiedenen Dienstleistungen, mit denen wir Ihrem Unternehmen helfen k\u00f6nnen. Haben Sie spezielle W\u00fcnsche? Bitte kontaktieren Sie uns, wir denken gerne [&hellip;]<\/p>\n","protected":false},"author":8,"featured_media":0,"parent":0,"menu_order":3,"comment_status":"closed","ping_status":"closed","template":"","meta":{"footnotes":""},"class_list":["post-1605","page","type-page","status-publish","hentry"],"_links":{"self":[{"href":"https:\/\/mg-products.com\/de\/wp-json\/wp\/v2\/pages\/1605","targetHints":{"allow":["GET"]}}],"collection":[{"href":"https:\/\/mg-products.com\/de\/wp-json\/wp\/v2\/pages"}],"about":[{"href":"https:\/\/mg-products.com\/de\/wp-json\/wp\/v2\/types\/page"}],"author":[{"embeddable":true,"href":"https:\/\/mg-products.com\/de\/wp-json\/wp\/v2\/users\/8"}],"replies":[{"embeddable":true,"href":"https:\/\/mg-products.com\/de\/wp-json\/wp\/v2\/comments?post=1605"}],"version-history":[{"count":2,"href":"https:\/\/mg-products.com\/de\/wp-json\/wp\/v2\/pages\/1605\/revisions"}],"predecessor-version":[{"id":1985,"href":"https:\/\/mg-products.com\/de\/wp-json\/wp\/v2\/pages\/1605\/revisions\/1985"}],"wp:attachment":[{"href":"https:\/\/mg-products.com\/de\/wp-json\/wp\/v2\/media?parent=1605"}],"curies":[{"name":"wp","href":"https:\/\/api.w.org\/{rel}","templated":true}]}}