{"id":1613,"date":"2022-03-09T14:31:34","date_gmt":"2022-03-09T13:31:34","guid":{"rendered":"https:\/\/mg-products-d-o-t-com.alvast-online.nl\/?page_id=1613"},"modified":"2022-03-09T14:31:38","modified_gmt":"2022-03-09T13:31:38","slug":"producten-2-2","status":"publish","type":"page","link":"https:\/\/mg-products.com\/de\/producten-2-2\/","title":{"rendered":"Zertifizierter Wiederverk\u00e4ufer"},"content":{"rendered":"\n<div class=\"wp-block-cover alignfull has-background-dim-40 has-primary-background-color has-background-dim\"><img loading=\"lazy\" decoding=\"async\" width=\"3508\" height=\"3083\" class=\"wp-block-cover__image-background wp-image-1649\" alt=\"\" src=\"https:\/\/mg-products.com\/wp-content\/uploads\/2022\/01\/MG10210_FRHS_Trasp_Sample-of-configuration_NO-DID.png\" style=\"object-position:53% 19%\" data-object-fit=\"cover\" data-object-position=\"53% 19%\" srcset=\"https:\/\/mg-products.com\/wp-content\/uploads\/2022\/01\/MG10210_FRHS_Trasp_Sample-of-configuration_NO-DID.png 3508w, https:\/\/mg-products.com\/wp-content\/uploads\/2022\/01\/MG10210_FRHS_Trasp_Sample-of-configuration_NO-DID-300x264.png 300w, https:\/\/mg-products.com\/wp-content\/uploads\/2022\/01\/MG10210_FRHS_Trasp_Sample-of-configuration_NO-DID-1024x900.png 1024w, https:\/\/mg-products.com\/wp-content\/uploads\/2022\/01\/MG10210_FRHS_Trasp_Sample-of-configuration_NO-DID-768x675.png 768w, https:\/\/mg-products.com\/wp-content\/uploads\/2022\/01\/MG10210_FRHS_Trasp_Sample-of-configuration_NO-DID-1536x1350.png 1536w, https:\/\/mg-products.com\/wp-content\/uploads\/2022\/01\/MG10210_FRHS_Trasp_Sample-of-configuration_NO-DID-2048x1800.png 2048w\" sizes=\"auto, (max-width: 3508px) 100vw, 3508px\" \/><div class=\"wp-block-cover__inner-container is-layout-flow wp-block-cover-is-layout-flow\">\n<h1 class=\"has-xxxxl-font-size wp-block-heading\">Zertifizierter Wiederverk\u00e4ufer<\/h1>\n\n\n\n<p class=\"has-xl-font-size\">Wir sind zertifizierte Wiederverk\u00e4ufer f\u00fcr eine Reihe von Produkten<\/p>\n<\/div><\/div>\n\n\n\n<div style=\"height:56px\" aria-hidden=\"true\" class=\"wp-block-spacer\"><\/div>\n\n\n\n<div class=\"wp-block-columns is-layout-flex wp-container-core-columns-is-layout-9d6595d7 wp-block-columns-is-layout-flex\">\n<div class=\"wp-block-column is-layout-flow wp-block-column-is-layout-flow\" style=\"flex-basis:75%\">\n<p class=\"has-text-align-left\" style=\"font-size:19px\">MG Products ist ein zertifizierter Wiederverk\u00e4ufer f\u00fcr eine Reihe von Produkten verschiedener Marken und Lieferanten. Auf dieser Seite erfahren Sie, um welche Produkte und Marken es sich handelt. Wenn Sie weitere Informationen zu diesen Produkten w\u00fcnschen, kontaktieren Sie uns bitte.<\/p>\n<\/div>\n<\/div>\n\n\n\n<div class=\"wp-block-columns is-layout-flex wp-container-core-columns-is-layout-9d6595d7 wp-block-columns-is-layout-flex\">\n<div class=\"wp-block-column is-layout-flow wp-block-column-is-layout-flow\" style=\"flex-basis:100%\">\n<div class=\"wp-block-columns is-layout-flex wp-container-core-columns-is-layout-9d6595d7 wp-block-columns-is-layout-flex\">\n<div class=\"wp-block-column is-layout-flow wp-block-column-is-layout-flow\" style=\"flex-basis:100%\">\n<div class=\"wp-block-columns is-layout-flex wp-container-core-columns-is-layout-9d6595d7 wp-block-columns-is-layout-flex\">\n<div class=\"wp-block-column is-layout-flow wp-block-column-is-layout-flow\" style=\"flex-basis:50%\">\n<ol class=\"wp-block-list\"><li>Sonden verschiedener Marken<\/li><li>Newland Barcode-Leseger\u00e4te<\/li><li>Feasa LED-Analyseger\u00e4te<\/li><li>SMH Flashrunner-Programmierer<\/li><\/ol>\n\n\n\n<figure class=\"wp-block-image size-large is-resized\"><img loading=\"lazy\" decoding=\"async\" src=\"https:\/\/mg-products.com\/wp-content\/uploads\/2022\/01\/Feasa-logo-1.jpg\" alt=\"\" class=\"wp-image-1674\" width=\"95\" height=\"98\"\/><\/figure>\n\n\n\n<figure class=\"wp-block-image size-large is-resized\"><img loading=\"lazy\" decoding=\"async\" src=\"https:\/\/mg-products.com\/wp-content\/uploads\/2022\/01\/MG10094.png\" alt=\"\" class=\"wp-image-1723\" width=\"166\" height=\"69\" srcset=\"https:\/\/mg-products.com\/wp-content\/uploads\/2022\/01\/MG10094.png 403w, https:\/\/mg-products.com\/wp-content\/uploads\/2022\/01\/MG10094-300x123.png 300w\" sizes=\"auto, (max-width: 166px) 100vw, 166px\" \/><\/figure>\n\n\n\n<figure class=\"wp-block-image size-large is-resized\"><img loading=\"lazy\" decoding=\"async\" src=\"https:\/\/mg-products.com\/wp-content\/uploads\/2022\/02\/Newland_logo_with-slogan_blue-orange-1024x441.jpg\" alt=\"\" class=\"wp-image-1874\" width=\"178\" height=\"76\" srcset=\"https:\/\/mg-products.com\/wp-content\/uploads\/2022\/02\/Newland_logo_with-slogan_blue-orange-1024x441.jpg 1024w, https:\/\/mg-products.com\/wp-content\/uploads\/2022\/02\/Newland_logo_with-slogan_blue-orange-300x129.jpg 300w, https:\/\/mg-products.com\/wp-content\/uploads\/2022\/02\/Newland_logo_with-slogan_blue-orange-768x331.jpg 768w, https:\/\/mg-products.com\/wp-content\/uploads\/2022\/02\/Newland_logo_with-slogan_blue-orange-1536x662.jpg 1536w, https:\/\/mg-products.com\/wp-content\/uploads\/2022\/02\/Newland_logo_with-slogan_blue-orange-2048x882.jpg 2048w\" sizes=\"auto, (max-width: 178px) 100vw, 178px\" \/><\/figure>\n\n\n\n<p><\/p>\n<\/div>\n\n\n\n<div class=\"wp-block-column is-layout-flow wp-block-column-is-layout-flow\" style=\"flex-basis:50%\">\n<figure class=\"wp-block-image size-large\"><img loading=\"lazy\" decoding=\"async\" width=\"1024\" height=\"969\" src=\"https:\/\/mg-products.com\/wp-content\/uploads\/2022\/01\/MG10211_FRHS_SFONDO-BIANCO_DID-1-1024x969.jpg\" alt=\"\" class=\"wp-image-1671\" srcset=\"https:\/\/mg-products.com\/wp-content\/uploads\/2022\/01\/MG10211_FRHS_SFONDO-BIANCO_DID-1-1024x969.jpg 1024w, https:\/\/mg-products.com\/wp-content\/uploads\/2022\/01\/MG10211_FRHS_SFONDO-BIANCO_DID-1-300x284.jpg 300w, https:\/\/mg-products.com\/wp-content\/uploads\/2022\/01\/MG10211_FRHS_SFONDO-BIANCO_DID-1-768x727.jpg 768w, https:\/\/mg-products.com\/wp-content\/uploads\/2022\/01\/MG10211_FRHS_SFONDO-BIANCO_DID-1-1536x1453.jpg 1536w, https:\/\/mg-products.com\/wp-content\/uploads\/2022\/01\/MG10211_FRHS_SFONDO-BIANCO_DID-1.jpg 1748w\" sizes=\"auto, (max-width: 1024px) 100vw, 1024px\" \/><\/figure>\n<\/div>\n<\/div>\n<\/div>\n<\/div>\n<\/div>\n<\/div>\n\n\n\n<div class=\"wp-block-columns is-layout-flex wp-container-core-columns-is-layout-9d6595d7 wp-block-columns-is-layout-flex\">\n<div class=\"wp-block-column is-layout-flow wp-block-column-is-layout-flow\" style=\"flex-basis:25%\">\n<figure class=\"wp-block-image size-large\"><img loading=\"lazy\" decoding=\"async\" width=\"1024\" height=\"900\" src=\"https:\/\/mg-products.com\/wp-content\/uploads\/2022\/01\/MG10210_FRHS_Trasp_Sample-of-configuration_NO-DID-1024x900.png\" alt=\"\" class=\"wp-image-1649\" srcset=\"https:\/\/mg-products.com\/wp-content\/uploads\/2022\/01\/MG10210_FRHS_Trasp_Sample-of-configuration_NO-DID-1024x900.png 1024w, https:\/\/mg-products.com\/wp-content\/uploads\/2022\/01\/MG10210_FRHS_Trasp_Sample-of-configuration_NO-DID-300x264.png 300w, https:\/\/mg-products.com\/wp-content\/uploads\/2022\/01\/MG10210_FRHS_Trasp_Sample-of-configuration_NO-DID-768x675.png 768w, https:\/\/mg-products.com\/wp-content\/uploads\/2022\/01\/MG10210_FRHS_Trasp_Sample-of-configuration_NO-DID-1536x1350.png 1536w, https:\/\/mg-products.com\/wp-content\/uploads\/2022\/01\/MG10210_FRHS_Trasp_Sample-of-configuration_NO-DID-2048x1800.png 2048w\" sizes=\"auto, (max-width: 1024px) 100vw, 1024px\" \/><\/figure>\n<\/div>\n\n\n\n<div class=\"wp-block-column is-layout-flow wp-block-column-is-layout-flow\" style=\"flex-basis:25%\">\n<figure class=\"wp-block-image size-large\"><img loading=\"lazy\" decoding=\"async\" width=\"1024\" height=\"683\" src=\"https:\/\/mg-products.com\/wp-content\/uploads\/2022\/01\/MG10092_FRLAN2.0NXG_CS-1024x683.jpeg\" alt=\"\" class=\"wp-image-1659\" srcset=\"https:\/\/mg-products.com\/wp-content\/uploads\/2022\/01\/MG10092_FRLAN2.0NXG_CS-1024x683.jpeg 1024w, https:\/\/mg-products.com\/wp-content\/uploads\/2022\/01\/MG10092_FRLAN2.0NXG_CS-300x200.jpeg 300w, https:\/\/mg-products.com\/wp-content\/uploads\/2022\/01\/MG10092_FRLAN2.0NXG_CS-768x512.jpeg 768w, https:\/\/mg-products.com\/wp-content\/uploads\/2022\/01\/MG10092_FRLAN2.0NXG_CS.jpeg 1280w\" sizes=\"auto, (max-width: 1024px) 100vw, 1024px\" \/><\/figure>\n<\/div>\n\n\n\n<div class=\"wp-block-column is-layout-flow wp-block-column-is-layout-flow\" style=\"flex-basis:25%\">\n<figure class=\"wp-block-image size-large\"><img loading=\"lazy\" decoding=\"async\" width=\"966\" height=\"1024\" src=\"https:\/\/mg-products.com\/wp-content\/uploads\/2022\/02\/FM430_BARRACUDA_1.jpg\" alt=\"\" class=\"wp-image-1878\" srcset=\"https:\/\/mg-products.com\/wp-content\/uploads\/2022\/02\/FM430_BARRACUDA_1.jpg 966w, https:\/\/mg-products.com\/wp-content\/uploads\/2022\/02\/FM430_BARRACUDA_1-283x300.jpg 283w, https:\/\/mg-products.com\/wp-content\/uploads\/2022\/02\/FM430_BARRACUDA_1-768x814.jpg 768w\" sizes=\"auto, (max-width: 966px) 100vw, 966px\" \/><\/figure>\n<\/div>\n\n\n\n<div class=\"wp-block-column is-layout-flow wp-block-column-is-layout-flow\" style=\"flex-basis:25%\">\n<figure class=\"wp-block-image size-large\"><img loading=\"lazy\" decoding=\"async\" width=\"1024\" height=\"683\" src=\"https:\/\/mg-products.com\/wp-content\/uploads\/2022\/01\/MG10083-1-1024x683.jpg\" alt=\"\" class=\"wp-image-1668\" srcset=\"https:\/\/mg-products.com\/wp-content\/uploads\/2022\/01\/MG10083-1-1024x683.jpg 1024w, https:\/\/mg-products.com\/wp-content\/uploads\/2022\/01\/MG10083-1-300x200.jpg 300w, https:\/\/mg-products.com\/wp-content\/uploads\/2022\/01\/MG10083-1-768x512.jpg 768w, https:\/\/mg-products.com\/wp-content\/uploads\/2022\/01\/MG10083-1-1536x1024.jpg 1536w, https:\/\/mg-products.com\/wp-content\/uploads\/2022\/01\/MG10083-1-2048x1365.jpg 2048w\" sizes=\"auto, (max-width: 1024px) 100vw, 1024px\" \/><\/figure>\n<\/div>\n<\/div>\n\n\n\n<div class=\"wp-block-columns cta-block has-info-background-color has-background is-layout-flex wp-container-core-columns-is-layout-9d6595d7 wp-block-columns-is-layout-flex\">\n<div class=\"wp-block-column is-vertically-aligned-top is-layout-flow wp-block-column-is-layout-flow\" style=\"flex-basis:66.66%\">\n<p class=\"has-dark-color has-text-color has-xl-font-size\">Wenn Sie weitere technische Informationen \u00fcber <span class=\"has-inline-color has-primary-color\"><strong>Produkte<\/strong><\/span> der oben genannten <span class=\"has-inline-color has-primary-color\"><strong>Marken und Lieferanten w\u00fcnschen<\/strong><\/span>? Wenden Sie sich bitte an uns.<\/p>\n<\/div>\n\n\n\n<div class=\"wp-block-column is-layout-flow wp-block-column-is-layout-flow\" style=\"flex-basis:33.33%\">\n<div class=\"wp-block-buttons is-layout-flex wp-block-buttons-is-layout-flex\">\n<div class=\"wp-block-button\"><a class=\"wp-block-button__link has-primary-background-color has-background\" href=\"https:\/\/mg-products.com\/contact\/\">Contact<\/a><\/div>\n<\/div>\n<\/div>\n<\/div>\n\n\n\n<div class=\"wp-block-group is-layout-flow wp-block-group-is-layout-flow\"><div class=\"wp-block-group__inner-container\"><\/div><\/div>\n","protected":false},"excerpt":{"rendered":"<p>MG Products ist ein zertifizierter Wiederverk\u00e4ufer f\u00fcr eine Reihe von Produkten verschiedener Marken und Lieferanten. Auf dieser Seite erfahren Sie, um welche Produkte und Marken es sich handelt. Wenn Sie weitere Informationen zu diesen Produkten w\u00fcnschen, kontaktieren Sie uns bitte. Sonden verschiedener Marken Newland Barcode-Leseger\u00e4te Feasa LED-Analyseger\u00e4te SMH Flashrunner-Programmierer Wenn Sie weitere technische Informationen \u00fcber [&hellip;]<\/p>\n","protected":false},"author":8,"featured_media":0,"parent":0,"menu_order":3,"comment_status":"closed","ping_status":"closed","template":"","meta":{"footnotes":""},"class_list":["post-1613","page","type-page","status-publish","hentry"],"_links":{"self":[{"href":"https:\/\/mg-products.com\/de\/wp-json\/wp\/v2\/pages\/1613","targetHints":{"allow":["GET"]}}],"collection":[{"href":"https:\/\/mg-products.com\/de\/wp-json\/wp\/v2\/pages"}],"about":[{"href":"https:\/\/mg-products.com\/de\/wp-json\/wp\/v2\/types\/page"}],"author":[{"embeddable":true,"href":"https:\/\/mg-products.com\/de\/wp-json\/wp\/v2\/users\/8"}],"replies":[{"embeddable":true,"href":"https:\/\/mg-products.com\/de\/wp-json\/wp\/v2\/comments?post=1613"}],"version-history":[{"count":2,"href":"https:\/\/mg-products.com\/de\/wp-json\/wp\/v2\/pages\/1613\/revisions"}],"predecessor-version":[{"id":1987,"href":"https:\/\/mg-products.com\/de\/wp-json\/wp\/v2\/pages\/1613\/revisions\/1987"}],"wp:attachment":[{"href":"https:\/\/mg-products.com\/de\/wp-json\/wp\/v2\/media?parent=1613"}],"curies":[{"name":"wp","href":"https:\/\/api.w.org\/{rel}","templated":true}]}}