{"id":1965,"date":"2022-03-09T11:40:53","date_gmt":"2022-03-09T10:40:53","guid":{"rendered":"https:\/\/mg-products-d-o-t-com.alvast-online.nl\/?page_id=1965"},"modified":"2026-01-13T16:43:29","modified_gmt":"2026-01-13T15:43:29","slug":"home-2","status":"publish","type":"page","link":"https:\/\/mg-products.com\/de\/","title":{"rendered":"Home redesign"},"content":{"rendered":"\n<div class=\"wp-block-group alignfull pattern-bg dark has-dark-color has-info-background-color has-text-color has-background\"><div class=\"wp-block-group__inner-container is-layout-flow wp-block-group-is-layout-flow\">\n<div class=\"wp-block-columns is-layout-flex wp-container-core-columns-is-layout-9d6595d7 wp-block-columns-is-layout-flex\">\n<div class=\"wp-block-column is-layout-flow wp-block-column-is-layout-flow\" style=\"flex-basis:40%\">\n<figure class=\"wp-block-image size-full is-style-rounded\"><img loading=\"lazy\" decoding=\"async\" width=\"455\" height=\"149\" src=\"https:\/\/mg-products.com\/wp-content\/uploads\/2024\/12\/DFT-MG-LOGO-2024.jpg\" alt=\"DFT - MG-Products logo\" class=\"wp-image-2618\" srcset=\"https:\/\/mg-products.com\/wp-content\/uploads\/2024\/12\/DFT-MG-LOGO-2024.jpg 455w, https:\/\/mg-products.com\/wp-content\/uploads\/2024\/12\/DFT-MG-LOGO-2024-300x98.jpg 300w\" sizes=\"auto, (max-width: 455px) 100vw, 455px\" \/><\/figure>\n\n\n\n<h1 class=\"wp-block-heading has-xxxxl-font-size\">MG Products<br>Mechanische<br>L\u00f6sungen.<\/h1>\n\n\n\n<p>Sind Sie als Unternehmen oder Hersteller in der EMS-Branche auf der Suche nach spezieller Mechatronik und Mechanik wie Testadapter, L\u00f6ttr\u00e4ger oder Einpressvorrichtungen f\u00fcr oberfl\u00e4chenmontierte Paletten? Dann sind Sie bei MG Products richtig. Wir liefern verschiedene mechanische L\u00f6sungen f\u00fcr die Elektroindustrie.<\/p>\n\n\n\n<div class=\"wp-block-buttons is-content-justification-center is-layout-flex wp-container-core-buttons-is-layout-16018d1d wp-block-buttons-is-layout-flex\">\n<div class=\"wp-block-button\"><a class=\"wp-block-button__link has-light-color has-primary-background-color has-text-color has-background has-link-color wp-element-button\" href=\"https:\/\/www.designedfortest.com\/DFT\/\" target=\"_blank\" rel=\"noreferrer noopener\"><strong>Visit also the DFT website and webshop.<\/strong><\/a><\/div>\n<\/div>\n<\/div>\n\n\n\n<div class=\"wp-block-column is-layout-flow wp-block-column-is-layout-flow\" style=\"flex-basis:60%\">\n<figure class=\"wp-block-image size-full is-style-rounded\"><img loading=\"lazy\" decoding=\"async\" width=\"1000\" height=\"400\" src=\"https:\/\/mg-products.com\/wp-content\/uploads\/2025\/01\/Welcome-DFT-1000x400-2.jpg\" alt=\"Welcome Producten DFT\" class=\"wp-image-2637\" srcset=\"https:\/\/mg-products.com\/wp-content\/uploads\/2025\/01\/Welcome-DFT-1000x400-2.jpg 1000w, https:\/\/mg-products.com\/wp-content\/uploads\/2025\/01\/Welcome-DFT-1000x400-2-300x120.jpg 300w, https:\/\/mg-products.com\/wp-content\/uploads\/2025\/01\/Welcome-DFT-1000x400-2-768x307.jpg 768w\" sizes=\"auto, (max-width: 1000px) 100vw, 1000px\" \/><\/figure>\n\n\n\n<div style=\"padding:56.25% 0 0 0;position:relative;\"><iframe src=\"https:\/\/player.vimeo.com\/video\/670616078?h=82a676da77&amp;badge=0&amp;autopause=0&amp;player_id=0&amp;app_id=58479&amp;autoplay=1\" frameborder=\"0\" allow=\"autoplay; fullscreen; picture-in-picture\" allowfullscreen=\"\" style=\"position:absolute;top:0;left:0;width:100%;height:100%;\" class=\"rounded-xl bg-primary\" title=\"MG products homepage\"><\/iframe><\/div><script src=\"https:\/\/player.vimeo.com\/api\/player.js\"><\/script>\n<\/div>\n<\/div>\n<\/div><\/div>\n\n\n\n<div style=\"height:100px\" aria-hidden=\"true\" class=\"wp-block-spacer\"><\/div>\n\n\n\n<div class=\"wp-block-group alignfull\"><div class=\"wp-block-group__inner-container is-layout-flow wp-block-group-is-layout-flow\">\n<div class=\"wp-block-columns is-layout-flex wp-container-core-columns-is-layout-9d6595d7 wp-block-columns-is-layout-flex\">\n<div class=\"wp-block-column is-layout-flow wp-block-column-is-layout-flow\" style=\"flex-basis:40%\">\n<h2 class=\"wp-block-heading has-primary-color has-text-color has-xxxl-font-size\"><span class=\"has-inline-color has-dark-color\">MG Products <\/span><span class=\"has-inline-color has-primary-color\">steht f\u00fcr: Qualit\u00e4t, Ma\u00dfarbeit, kurze Wartezeiten, Kundenorientierung<\/span><span class=\"has-inline-color has-dark-color\">.<\/span><\/h2>\n<\/div>\n\n\n\n<div class=\"wp-block-column is-layout-flow wp-block-column-is-layout-flow\" style=\"flex-basis:60%\">\n<p>MG Products ist der Lieferant f\u00fcr kundenspezifische Mechanik f\u00fcr die Elektrotechnikhersteller- und Entwicklungsindustrie. Wir stellen Werkzeuge f\u00fcr die Elektrotechnikproduktion her, wie z.B. Testadapter und L\u00f6ttr\u00e4ger.<\/p>\n\n\n\n<p>Neben unseren Spezialprodukten stellen wir auch CNC-Pr\u00e4zisionsprodukte her. Unser Team besteht aus verschiedenen Spezialisten. Wir sehen jedes Problem als Herausforderung und liefern ma\u00dfgeschneiderte L\u00f6sungen.<\/p>\n\n\n\n<p class=\"arrow__link\"><a href=\"http:\/\/overons\" data-type=\"URL\" data-id=\"overons\"><a href=\"http:\/\/overons\/\">Lesen Sie mehr \u00fcber unsere Arbeitsweise<\/a><\/a> <\/p>\n<\/div>\n<\/div>\n<\/div><\/div>\n\n\n\n<div class=\"wp-block-group alignfull has-info-background-color has-background\"><div class=\"wp-block-group__inner-container is-layout-flow wp-block-group-is-layout-flow\">\n<h1 class=\"wp-block-heading has-text-align-center has-xxl-font-size\">Unsere Produkte und Dienstleistungen<\/h1>\n\n\n<div class=\"grid grid-cols-1 md:grid-cols-2 lg:grid-cols-3 gap-8\">\t<div class=\"rounded-xl has-white-background-color\">\n\t\t<a href=\"https:\/\/mg-products.com\/de\/new-products\/test-adapter\/\" class=\"block h-48 w-full rounded-t-xl bg-cover bg-center\" style=\"background-image: url(https:\/\/mg-products.com\/wp-content\/uploads\/2021\/10\/060A5195.jpg);\"><\/a>\n\t\t<div class=\"p-8\">\n\t\t\t<a href=\"https:\/\/mg-products.com\/de\/new-products\/test-adapter\/\" class=\"text-primary\"><h2 class=\"!text-2xl\">Test-Adapter<\/h2><\/a>\n\t\t\t<div class=\"arrow__link\">\n\t\t\t\t<a href=\"https:\/\/mg-products.com\/de\/new-products\/test-adapter\/\" class=\"text-primary\">lees meer<\/a>\n\t\t\t<\/div>\n\t\t<\/div>\n\t<\/div>\n\t\t\t<div class=\"rounded-xl has-white-background-color\">\n\t\t<a href=\"https:\/\/mg-products.com\/de\/new-products\/testsysteme\/\" class=\"block h-48 w-full rounded-t-xl bg-cover bg-center\" style=\"background-image: url(https:\/\/mg-products.com\/wp-content\/uploads\/2021\/09\/CMT_04-2.png);\"><\/a>\n\t\t<div class=\"p-8\">\n\t\t\t<a href=\"https:\/\/mg-products.com\/de\/new-products\/testsysteme\/\" class=\"text-primary\"><h2 class=\"!text-2xl\">Testsysteme<\/h2><\/a>\n\t\t\t<div class=\"arrow__link\">\n\t\t\t\t<a href=\"https:\/\/mg-products.com\/de\/new-products\/testsysteme\/\" class=\"text-primary\">lees meer<\/a>\n\t\t\t<\/div>\n\t\t<\/div>\n\t<\/div>\n\t\t\t<div class=\"rounded-xl has-white-background-color\">\n\t\t<a href=\"https:\/\/mg-products.com\/de\/services\/pressfit-arbeiten\/\" class=\"block h-48 w-full rounded-t-xl bg-cover bg-center\" style=\"background-image: url(https:\/\/mg-products.com\/wp-content\/uploads\/2021\/09\/Press-fit-onderplaat-met-aandruk-tooling-scaled.jpg);\"><\/a>\n\t\t<div class=\"p-8\">\n\t\t\t<a href=\"https:\/\/mg-products.com\/de\/services\/pressfit-arbeiten\/\" class=\"text-primary\"><h2 class=\"!text-2xl\">Pressfit-Arbeiten<\/h2><\/a>\n\t\t\t<div class=\"arrow__link\">\n\t\t\t\t<a href=\"https:\/\/mg-products.com\/de\/services\/pressfit-arbeiten\/\" class=\"text-primary\">lees meer<\/a>\n\t\t\t<\/div>\n\t\t<\/div>\n\t<\/div>\n\t\t\t<div class=\"rounded-xl has-white-background-color\">\n\t\t<a href=\"https:\/\/mg-products.com\/de\/services\/verkabelung\/\" class=\"block h-48 w-full rounded-t-xl bg-cover bg-center\" style=\"background-image: url(https:\/\/mg-products.com\/wp-content\/uploads\/2022\/01\/060A5322.jpg);\"><\/a>\n\t\t<div class=\"p-8\">\n\t\t\t<a href=\"https:\/\/mg-products.com\/de\/services\/verkabelung\/\" class=\"text-primary\"><h2 class=\"!text-2xl\">Verkabelung<\/h2><\/a>\n\t\t\t<div class=\"arrow__link\">\n\t\t\t\t<a href=\"https:\/\/mg-products.com\/de\/services\/verkabelung\/\" class=\"text-primary\">lees meer<\/a>\n\t\t\t<\/div>\n\t\t<\/div>\n\t<\/div>\n\t\t\t<div class=\"rounded-xl has-white-background-color\">\n\t\t<a href=\"https:\/\/mg-products.com\/de\/services\/cad-engineering\/\" class=\"block h-48 w-full rounded-t-xl bg-cover bg-center\" style=\"background-image: url(https:\/\/mg-products.com\/wp-content\/uploads\/2021\/08\/060A5086.jpg);\"><\/a>\n\t\t<div class=\"p-8\">\n\t\t\t<a href=\"https:\/\/mg-products.com\/de\/services\/cad-engineering\/\" class=\"text-primary\"><h2 class=\"!text-2xl\">CAD Engineering<\/h2><\/a>\n\t\t\t<div class=\"arrow__link\">\n\t\t\t\t<a href=\"https:\/\/mg-products.com\/de\/services\/cad-engineering\/\" class=\"text-primary\">lees meer<\/a>\n\t\t\t<\/div>\n\t\t<\/div>\n\t<\/div>\n\t\t\t<div class=\"rounded-xl has-white-background-color\">\n\t\t<a href=\"https:\/\/mg-products.com\/de\/services\/lasergravur\/\" class=\"block h-48 w-full rounded-t-xl bg-cover bg-center\" style=\"background-image: url(https:\/\/mg-products.com\/wp-content\/uploads\/2022\/01\/Foto2-scaled.jpg);\"><\/a>\n\t\t<div class=\"p-8\">\n\t\t\t<a href=\"https:\/\/mg-products.com\/de\/services\/lasergravur\/\" class=\"text-primary\"><h2 class=\"!text-2xl\">Lasergravur<\/h2><\/a>\n\t\t\t<div class=\"arrow__link\">\n\t\t\t\t<a href=\"https:\/\/mg-products.com\/de\/services\/lasergravur\/\" class=\"text-primary\">lees meer<\/a>\n\t\t\t<\/div>\n\t\t<\/div>\n\t<\/div>\n\t\t\t<div class=\"rounded-xl has-white-background-color\">\n\t\t<a href=\"https:\/\/mg-products.com\/de\/new-products\/traeger\/\" class=\"block h-48 w-full rounded-t-xl bg-cover bg-center\" style=\"background-image: url(https:\/\/mg-products.com\/wp-content\/uploads\/2021\/10\/060A5933-scaled.jpg);\"><\/a>\n\t\t<div class=\"p-8\">\n\t\t\t<a href=\"https:\/\/mg-products.com\/de\/new-products\/traeger\/\" class=\"text-primary\"><h2 class=\"!text-2xl\">Tr\u00e4ger<\/h2><\/a>\n\t\t\t<div class=\"arrow__link\">\n\t\t\t\t<a href=\"https:\/\/mg-products.com\/de\/new-products\/traeger\/\" class=\"text-primary\">lees meer<\/a>\n\t\t\t<\/div>\n\t\t<\/div>\n\t<\/div>\n\t\t\t<div class=\"rounded-xl has-white-background-color\">\n\t\t<a href=\"https:\/\/mg-products.com\/de\/new-products\/pressfit-tooling\/\" class=\"block h-48 w-full rounded-t-xl bg-cover bg-center\" style=\"background-image: url(https:\/\/mg-products.com\/wp-content\/uploads\/2021\/09\/Press-fit-onderplaat-met-aandrukt-tooling-uitgezoomd-1-scaled.jpg);\"><\/a>\n\t\t<div class=\"p-8\">\n\t\t\t<a href=\"https:\/\/mg-products.com\/de\/new-products\/pressfit-tooling\/\" class=\"text-primary\"><h2 class=\"!text-2xl\">Pressfit Tooling<\/h2><\/a>\n\t\t\t<div class=\"arrow__link\">\n\t\t\t\t<a href=\"https:\/\/mg-products.com\/de\/new-products\/pressfit-tooling\/\" class=\"text-primary\">lees meer<\/a>\n\t\t\t<\/div>\n\t\t<\/div>\n\t<\/div>\n\t\t<\/div>\n<\/div><\/div>\n\n\n\n<div class=\"wp-block-group alignfull pattern-bg has-light-color has-primary-background-color has-text-color has-background\"><div class=\"wp-block-group__inner-container is-layout-flow wp-block-group-is-layout-flow\">\n<p class=\"has-text-align-center has-xl-font-size\"><span class=\"has-inline-color has-dark-color\"><strong>MG Products liefert: <\/strong><\/span><span class=\"has-inline-color has-light-color\">Forschung &amp; Entwicklung \u2013 Eigene Produkte \u2013 Zielgerichtetes Fachwissen \u2013 Cam CNC Produkte &#8211; Pr\u00fcfvorrichtungen &#8211; L\u00f6tpaletten<\/span><\/p>\n<\/div><\/div>\n\n\n\n<div class=\"wp-block-group alignfull has-light-background-color has-background\"><div class=\"wp-block-group__inner-container is-layout-flow wp-block-group-is-layout-flow\">\n<h2 class=\"wp-block-heading has-text-align-center has-xxl-font-size\">Nachrichten<\/h2>\n\n\n<div class=\"grid grid-cols-1 md:grid-cols-2 lg:grid-cols-3 gap-8\">\t<div class=\"rounded-xl has-white-background-color\">\n\t\t<a href=\"https:\/\/mg-products.com\/de\/neue-website-fuer-mg-produkte\/\" class=\"block h-48 w-full rounded-t-xl bg-cover bg-center\" style=\"background-image: url(https:\/\/mg-products.com\/wp-content\/uploads\/2022\/03\/Schermafbeelding-2022-03-18-om-09.11.18.png);\"><\/a>\n\t\t<div class=\"p-8\">\n\t\t\t<a href=\"https:\/\/mg-products.com\/de\/neue-website-fuer-mg-produkte\/\" class=\"text-primary\"><h2 class=\"!text-2xl\">Neue Website f\u00fcr MG Produkte<\/h2><\/a>\n\t\t\t<div class=\"arrow__link\">\n\t\t\t\t<a href=\"https:\/\/mg-products.com\/de\/neue-website-fuer-mg-produkte\/\" class=\"text-primary\">lees meer<\/a>\n\t\t\t<\/div>\n\t\t<\/div>\n\t<\/div>\n\t\t<\/div>\n<\/div><\/div>\n","protected":false},"excerpt":{"rendered":"<p>MG ProductsMechanischeL\u00f6sungen. Sind Sie als Unternehmen oder Hersteller in der EMS-Branche auf der Suche nach spezieller Mechatronik und Mechanik wie Testadapter, L\u00f6ttr\u00e4ger oder Einpressvorrichtungen f\u00fcr oberfl\u00e4chenmontierte Paletten? Dann sind Sie bei MG Products richtig. Wir liefern verschiedene mechanische L\u00f6sungen f\u00fcr die Elektroindustrie. MG Products steht f\u00fcr: Qualit\u00e4t, Ma\u00dfarbeit, kurze Wartezeiten, Kundenorientierung. MG Products ist der [&hellip;]<\/p>\n","protected":false},"author":8,"featured_media":0,"parent":0,"menu_order":0,"comment_status":"closed","ping_status":"closed","template":"","meta":{"footnotes":""},"class_list":["post-1965","page","type-page","status-publish","hentry"],"_links":{"self":[{"href":"https:\/\/mg-products.com\/de\/wp-json\/wp\/v2\/pages\/1965","targetHints":{"allow":["GET"]}}],"collection":[{"href":"https:\/\/mg-products.com\/de\/wp-json\/wp\/v2\/pages"}],"about":[{"href":"https:\/\/mg-products.com\/de\/wp-json\/wp\/v2\/types\/page"}],"author":[{"embeddable":true,"href":"https:\/\/mg-products.com\/de\/wp-json\/wp\/v2\/users\/8"}],"replies":[{"embeddable":true,"href":"https:\/\/mg-products.com\/de\/wp-json\/wp\/v2\/comments?post=1965"}],"version-history":[{"count":7,"href":"https:\/\/mg-products.com\/de\/wp-json\/wp\/v2\/pages\/1965\/revisions"}],"predecessor-version":[{"id":2718,"href":"https:\/\/mg-products.com\/de\/wp-json\/wp\/v2\/pages\/1965\/revisions\/2718"}],"wp:attachment":[{"href":"https:\/\/mg-products.com\/de\/wp-json\/wp\/v2\/media?parent=1965"}],"curies":[{"name":"wp","href":"https:\/\/api.w.org\/{rel}","templated":true}]}}