{"id":1975,"date":"2022-03-09T11:55:53","date_gmt":"2022-03-09T10:55:53","guid":{"rendered":"https:\/\/mg-products-d-o-t-com.alvast-online.nl\/?page_id=1975"},"modified":"2022-03-09T11:55:54","modified_gmt":"2022-03-09T10:55:54","slug":"ueber-uns","status":"publish","type":"page","link":"https:\/\/mg-products.com\/de\/ueber-uns\/","title":{"rendered":"\u00dcber uns"},"content":{"rendered":"\n<div class=\"wp-block-cover alignfull has-background-dim-20 has-primary-background-color has-background-dim\"><img loading=\"lazy\" decoding=\"async\" width=\"2000\" height=\"1333\" class=\"wp-block-cover__image-background wp-image-1425\" alt=\"\" src=\"https:\/\/mg-products.com\/wp-content\/uploads\/2021\/09\/060A5256.jpg\" data-object-fit=\"cover\" srcset=\"https:\/\/mg-products.com\/wp-content\/uploads\/2021\/09\/060A5256.jpg 2000w, https:\/\/mg-products.com\/wp-content\/uploads\/2021\/09\/060A5256-300x200.jpg 300w, https:\/\/mg-products.com\/wp-content\/uploads\/2021\/09\/060A5256-1024x682.jpg 1024w, https:\/\/mg-products.com\/wp-content\/uploads\/2021\/09\/060A5256-768x512.jpg 768w, https:\/\/mg-products.com\/wp-content\/uploads\/2021\/09\/060A5256-1536x1024.jpg 1536w\" sizes=\"auto, (max-width: 2000px) 100vw, 2000px\" \/><div class=\"wp-block-cover__inner-container is-layout-flow wp-block-cover-is-layout-flow\">\n<h1 class=\"has-xxxxl-font-size wp-block-heading\">\u00dcber MG Products<\/h1>\n\n\n\n<p class=\"has-xl-font-size\">Der Spezialist f\u00fcr mechanische L\u00f6sungen<\/p>\n<\/div><\/div>\n\n\n\n<div style=\"height:66px\" aria-hidden=\"true\" class=\"wp-block-spacer\"><\/div>\n\n\n\n<p>Wir haben 2009 klein angefangen, aber schon damals hatten wir einen klaren Fokus auf Mechanik. Im Laufe der Jahre wuchs das Unternehmen von einem Ein-Mann-Betrieb zu einem Unternehmen mit 9 Mitarbeitern.&nbsp;<\/p>\n\n\n\n<p>F\u00fcr uns ist jedes Problem eine Herausforderung, der wir uns gerne stellen. Dies f\u00fchrt oft zu einem einzigartigen St\u00fcck Ma\u00dfarbeit. Wir bieten auch Standardprodukte an, wie zum Beispiel unsere Testadapter-Kits. Dank unserer Erfahrung sind wir in der Lage, in k\u00fcrzester Zeit die richtigen Werkzeuge f\u00fcr die verschiedenen Herausforderungen in der Elektronikmontage herzustellen. Ein paar Worte gen\u00fcgen. Die Wartezeiten innerhalb unseres Unternehmens sind kurz. Das ist gut f\u00fcr unsere Kunden, denn dadurch k\u00f6nnen wir schnell handeln. In der sachlichen Atmosph\u00e4re und in Absprache mit unseren Kunden packen wir die Dinge gerne pragmatisch an. Das variiert von kleinen Einzelproduktionen bis hin zu umfangreichen Projekten.&nbsp;<\/p>\n\n\n\n<figure class=\"wp-block-pullquote is-style-default\" style=\"border-color:#d3dfe8\"><blockquote class=\"has-text-color\" style=\"color:#0d1427\"><p><span class=\"has-inline-color has-primary-color\">MG Products steht f\u00fcr Qualit\u00e4t, Zuverl\u00e4ssigkeit, Beratung und kurze Lieferzeiten.\u00a0<\/span><\/p><\/blockquote><\/figure>\n\n\n\n<figure class=\"wp-block-gallery alignwide columns-2 is-cropped wp-block-gallery-1 is-layout-flex wp-block-gallery-is-layout-flex\"><ul class=\"blocks-gallery-grid\"><li class=\"blocks-gallery-item\"><figure><img loading=\"lazy\" decoding=\"async\" width=\"1024\" height=\"682\" src=\"https:\/\/mg-products.com\/wp-content\/uploads\/2021\/09\/060A5313-1024x682.jpg\" alt=\"\" data-id=\"1432\" data-full-url=\"https:\/\/mg-products.com\/wp-content\/uploads\/2021\/09\/060A5313.jpg\" data-link=\"https:\/\/mg-products.com\/over-ons\/060a5313\/\" class=\"wp-image-1432\" srcset=\"https:\/\/mg-products.com\/wp-content\/uploads\/2021\/09\/060A5313-1024x682.jpg 1024w, https:\/\/mg-products.com\/wp-content\/uploads\/2021\/09\/060A5313-300x200.jpg 300w, https:\/\/mg-products.com\/wp-content\/uploads\/2021\/09\/060A5313-768x512.jpg 768w, https:\/\/mg-products.com\/wp-content\/uploads\/2021\/09\/060A5313-1536x1024.jpg 1536w, https:\/\/mg-products.com\/wp-content\/uploads\/2021\/09\/060A5313.jpg 2000w\" sizes=\"auto, (max-width: 1024px) 100vw, 1024px\" \/><\/figure><\/li><li class=\"blocks-gallery-item\"><figure><img loading=\"lazy\" decoding=\"async\" width=\"1024\" height=\"576\" src=\"https:\/\/mg-products.com\/wp-content\/uploads\/2021\/09\/060A5241-1024x576.jpg\" alt=\"\" data-id=\"1467\" data-full-url=\"https:\/\/mg-products.com\/wp-content\/uploads\/2021\/09\/060A5241.jpg\" data-link=\"https:\/\/mg-products.com\/over-ons\/060a5241\/\" class=\"wp-image-1467\" srcset=\"https:\/\/mg-products.com\/wp-content\/uploads\/2021\/09\/060A5241-1024x576.jpg 1024w, https:\/\/mg-products.com\/wp-content\/uploads\/2021\/09\/060A5241-300x169.jpg 300w, https:\/\/mg-products.com\/wp-content\/uploads\/2021\/09\/060A5241-768x432.jpg 768w, https:\/\/mg-products.com\/wp-content\/uploads\/2021\/09\/060A5241-1536x864.jpg 1536w, https:\/\/mg-products.com\/wp-content\/uploads\/2021\/09\/060A5241.jpg 2000w\" sizes=\"auto, (max-width: 1024px) 100vw, 1024px\" \/><\/figure><\/li><\/ul><\/figure>\n\n\n\n<h2 class=\"has-xxl-font-size wp-block-heading\"><span class=\"has-inline-color has-primary-color\">Arbeitsweise<\/span><\/h2>\n\n\n\n<div class=\"wp-block-columns is-layout-flex wp-container-core-columns-is-layout-9d6595d7 wp-block-columns-is-layout-flex\">\n<div class=\"wp-block-column is-vertically-aligned-top is-layout-flow wp-block-column-is-layout-flow\" style=\"flex-basis:100%\">\n<div class=\"wp-block-columns is-layout-flex wp-container-core-columns-is-layout-9d6595d7 wp-block-columns-is-layout-flex\">\n<div class=\"wp-block-column is-layout-flow wp-block-column-is-layout-flow\" style=\"flex-basis:100%\">\n<p>Nach Erstellung des Angebots und w\u00e4hrend des Folgeauftrags sammeln wir zun\u00e4chst alle notwendigen Informationen. Wir machen eine Bestandsaufnahme aller Anforderungen und arbeiten sie dann aus. Je nach Auftrag erstellen wir zun\u00e4chst einen 2D- oder 3D-Entwurf. Dann arbeiten wir damit weiter. Wenn n\u00f6tig, k\u00f6nnen wir zun\u00e4chst einen Prototyp herstellen, um zu pr\u00fcfen, ob alles funktioniert. Wenn der Kunde einverstanden ist, beginnen wir mit der Produktion. Wir f\u00fchren bei der Lieferung unserer Produkte eine strenge Qualit\u00e4tskontrolle durch.\u00a0<\/p>\n<\/div>\n<\/div>\n<\/div>\n<\/div>\n\n\n\n<figure class=\"wp-block-gallery alignwide columns-1 is-cropped wp-block-gallery-2 is-layout-flex wp-block-gallery-is-layout-flex\"><ul class=\"blocks-gallery-grid\"><li class=\"blocks-gallery-item\"><figure><img loading=\"lazy\" decoding=\"async\" width=\"1024\" height=\"512\" src=\"https:\/\/mg-products.com\/wp-content\/uploads\/2021\/10\/060A4984a-1-1024x512.jpg\" alt=\"\" data-id=\"1547\" data-full-url=\"https:\/\/mg-products.com\/wp-content\/uploads\/2021\/10\/060A4984a-1.jpg\" data-link=\"https:\/\/mg-products.com\/over-ons\/060a4984a-1\/\" class=\"wp-image-1547\" srcset=\"https:\/\/mg-products.com\/wp-content\/uploads\/2021\/10\/060A4984a-1-1024x512.jpg 1024w, https:\/\/mg-products.com\/wp-content\/uploads\/2021\/10\/060A4984a-1-300x150.jpg 300w, https:\/\/mg-products.com\/wp-content\/uploads\/2021\/10\/060A4984a-1-768x384.jpg 768w, https:\/\/mg-products.com\/wp-content\/uploads\/2021\/10\/060A4984a-1-1536x768.jpg 1536w, https:\/\/mg-products.com\/wp-content\/uploads\/2021\/10\/060A4984a-1.jpg 2000w\" sizes=\"auto, (max-width: 1024px) 100vw, 1024px\" \/><\/figure><\/li><\/ul><\/figure>\n\n\n\n<div class=\"wp-block-columns is-layout-flex wp-container-core-columns-is-layout-9d6595d7 wp-block-columns-is-layout-flex\">\n<div class=\"wp-block-column is-layout-flow wp-block-column-is-layout-flow\" style=\"flex-basis:100%\">\n<div class=\"wp-block-columns is-layout-flex wp-container-core-columns-is-layout-9d6595d7 wp-block-columns-is-layout-flex\">\n<div class=\"wp-block-column is-vertically-aligned-top is-layout-flow wp-block-column-is-layout-flow\">\n<figure class=\"wp-block-image size-large is-style-rounded\"><img loading=\"lazy\" decoding=\"async\" width=\"1024\" height=\"682\" src=\"https:\/\/mg-products.com\/wp-content\/uploads\/2021\/09\/060A5160-1024x682.jpg\" alt=\"\" class=\"wp-image-1476\" srcset=\"https:\/\/mg-products.com\/wp-content\/uploads\/2021\/09\/060A5160-1024x682.jpg 1024w, https:\/\/mg-products.com\/wp-content\/uploads\/2021\/09\/060A5160-300x200.jpg 300w, https:\/\/mg-products.com\/wp-content\/uploads\/2021\/09\/060A5160-768x512.jpg 768w, https:\/\/mg-products.com\/wp-content\/uploads\/2021\/09\/060A5160-1536x1024.jpg 1536w, https:\/\/mg-products.com\/wp-content\/uploads\/2021\/09\/060A5160.jpg 2000w\" sizes=\"auto, (max-width: 1024px) 100vw, 1024px\" \/><\/figure>\n\n\n\n<p><span class=\"has-inline-color has-primary-color\"><strong>Mirto van Daal<\/strong><\/span><br><em>Direct<\/em>or<br>Tel: +31(0)485-382133<br><br><a href=\"mailto:mirto@mg-products.com\">mirto@mg-products.com<\/a><\/p>\n<\/div>\n\n\n\n<div class=\"wp-block-column is-layout-flow wp-block-column-is-layout-flow\">\n<figure class=\"wp-block-image size-large is-style-rounded\"><img loading=\"lazy\" decoding=\"async\" width=\"1024\" height=\"682\" src=\"https:\/\/mg-products.com\/wp-content\/uploads\/2021\/09\/060A5117-1024x682.jpg\" alt=\"\" class=\"wp-image-1479\" srcset=\"https:\/\/mg-products.com\/wp-content\/uploads\/2021\/09\/060A5117-1024x682.jpg 1024w, https:\/\/mg-products.com\/wp-content\/uploads\/2021\/09\/060A5117-300x200.jpg 300w, https:\/\/mg-products.com\/wp-content\/uploads\/2021\/09\/060A5117-768x512.jpg 768w, https:\/\/mg-products.com\/wp-content\/uploads\/2021\/09\/060A5117-1536x1024.jpg 1536w, https:\/\/mg-products.com\/wp-content\/uploads\/2021\/09\/060A5117.jpg 2000w\" sizes=\"auto, (max-width: 1024px) 100vw, 1024px\" \/><\/figure>\n\n\n\n<p><span class=\"has-inline-color has-primary-color\"><strong>Michiel ten Buuren<\/strong><\/span><br><em>Verkaufsleiter<\/em><br>Tel: +31(0)485-382133<br>Mob. +31(0)6-51405630<br><a href=\"mailto:michiel@mg-products.com\">michiel@mg-products.com<\/a><\/p>\n<\/div>\n\n\n\n<div class=\"wp-block-column is-layout-flow wp-block-column-is-layout-flow\">\n<figure class=\"wp-block-image size-large is-style-rounded\"><img loading=\"lazy\" decoding=\"async\" width=\"1024\" height=\"682\" src=\"https:\/\/mg-products.com\/wp-content\/uploads\/2021\/09\/060A5134-1024x682.jpg\" alt=\"\" class=\"wp-image-1482\" srcset=\"https:\/\/mg-products.com\/wp-content\/uploads\/2021\/09\/060A5134-1024x682.jpg 1024w, https:\/\/mg-products.com\/wp-content\/uploads\/2021\/09\/060A5134-300x200.jpg 300w, https:\/\/mg-products.com\/wp-content\/uploads\/2021\/09\/060A5134-768x512.jpg 768w, https:\/\/mg-products.com\/wp-content\/uploads\/2021\/09\/060A5134-1536x1024.jpg 1536w, https:\/\/mg-products.com\/wp-content\/uploads\/2021\/09\/060A5134.jpg 2000w\" sizes=\"auto, (max-width: 1024px) 100vw, 1024px\" \/><\/figure>\n\n\n\n<p><span class=\"has-inline-color has-primary-color\"><strong>Erik Wichhart<\/strong><\/span><br><em>Gesch\u00e4ftsb\u00fcro\/Backoffice<\/em><br>Tel: +31(0)485-382133<br><br><a href=\"mailto:erik@mg-products.com\">erik@mg-products.com<\/a><\/p>\n<\/div>\n<\/div>\n<\/div>\n<\/div>\n\n\n\n<div class=\"wp-block-columns is-layout-flex wp-container-core-columns-is-layout-9d6595d7 wp-block-columns-is-layout-flex\">\n<div class=\"wp-block-column is-layout-flow wp-block-column-is-layout-flow\" style=\"flex-basis:100%\">\n<div class=\"wp-block-columns is-layout-flex wp-container-core-columns-is-layout-9d6595d7 wp-block-columns-is-layout-flex\">\n<div class=\"wp-block-column is-vertically-aligned-top is-layout-flow wp-block-column-is-layout-flow\">\n<figure class=\"wp-block-image size-large is-style-rounded\"><img loading=\"lazy\" decoding=\"async\" width=\"1024\" height=\"682\" src=\"https:\/\/mg-products.com\/wp-content\/uploads\/2022\/01\/060A5044-1024x682.jpg\" alt=\"\" class=\"wp-image-1809\" srcset=\"https:\/\/mg-products.com\/wp-content\/uploads\/2022\/01\/060A5044-1024x682.jpg 1024w, https:\/\/mg-products.com\/wp-content\/uploads\/2022\/01\/060A5044-300x200.jpg 300w, https:\/\/mg-products.com\/wp-content\/uploads\/2022\/01\/060A5044-768x512.jpg 768w, https:\/\/mg-products.com\/wp-content\/uploads\/2022\/01\/060A5044-1536x1024.jpg 1536w, https:\/\/mg-products.com\/wp-content\/uploads\/2022\/01\/060A5044.jpg 2000w\" sizes=\"auto, (max-width: 1024px) 100vw, 1024px\" \/><\/figure>\n\n\n\n<p><span class=\"has-inline-color has-primary-color\"><strong>Jarno Ponsen<\/strong><\/span><br><em>Team lead engineering<\/em><br>Tel: +31(0)485-231863<br><a href=\"mailto:jarno@mg-products.com\">jarno@mg-products.com<\/a><\/p>\n<\/div>\n\n\n\n<div class=\"wp-block-column is-layout-flow wp-block-column-is-layout-flow\">\n<figure class=\"wp-block-image size-large is-style-rounded\"><img loading=\"lazy\" decoding=\"async\" width=\"1024\" height=\"682\" src=\"https:\/\/mg-products.com\/wp-content\/uploads\/2022\/01\/060A5024-1024x682.jpg\" alt=\"\" class=\"wp-image-1806\" srcset=\"https:\/\/mg-products.com\/wp-content\/uploads\/2022\/01\/060A5024-1024x682.jpg 1024w, https:\/\/mg-products.com\/wp-content\/uploads\/2022\/01\/060A5024-300x200.jpg 300w, https:\/\/mg-products.com\/wp-content\/uploads\/2022\/01\/060A5024-768x512.jpg 768w, https:\/\/mg-products.com\/wp-content\/uploads\/2022\/01\/060A5024-1536x1024.jpg 1536w, https:\/\/mg-products.com\/wp-content\/uploads\/2022\/01\/060A5024.jpg 2000w\" sizes=\"auto, (max-width: 1024px) 100vw, 1024px\" \/><\/figure>\n\n\n\n<p><span class=\"has-inline-color has-primary-color\"><strong>Tim Vriens<\/strong><\/span><br><em>3D Cad engineer<\/em><br>Tel: +31(0)485-231863<br><a href=\"mailto:tim@mg-products.com\">tim@mg-products.com<\/a><\/p>\n<\/div>\n\n\n\n<div class=\"wp-block-column is-layout-flow wp-block-column-is-layout-flow\">\n<figure class=\"wp-block-image size-large is-style-rounded\"><img loading=\"lazy\" decoding=\"async\" width=\"1024\" height=\"682\" src=\"https:\/\/mg-products.com\/wp-content\/uploads\/2022\/01\/060A5068-1024x682.jpg\" alt=\"\" class=\"wp-image-1812\" srcset=\"https:\/\/mg-products.com\/wp-content\/uploads\/2022\/01\/060A5068-1024x682.jpg 1024w, https:\/\/mg-products.com\/wp-content\/uploads\/2022\/01\/060A5068-300x200.jpg 300w, https:\/\/mg-products.com\/wp-content\/uploads\/2022\/01\/060A5068-768x512.jpg 768w, https:\/\/mg-products.com\/wp-content\/uploads\/2022\/01\/060A5068-1536x1024.jpg 1536w, https:\/\/mg-products.com\/wp-content\/uploads\/2022\/01\/060A5068.jpg 2000w\" sizes=\"auto, (max-width: 1024px) 100vw, 1024px\" \/><\/figure>\n\n\n\n<p><span class=\"has-inline-color has-primary-color\"><strong>Swen Hoksbergen<\/strong><\/span><br><em>Kaufen<\/em><br>Tel: +31(0)485-231863<br><a href=\"mailto:swen@mg-products.com\">swen@mg-products.com<\/a><\/p>\n<\/div>\n<\/div>\n<\/div>\n<\/div>\n\n\n\n<div class=\"wp-block-columns is-layout-flex wp-container-core-columns-is-layout-9d6595d7 wp-block-columns-is-layout-flex\"><\/div>\n","protected":false},"excerpt":{"rendered":"<p>Wir haben 2009 klein angefangen, aber schon damals hatten wir einen klaren Fokus auf Mechanik. Im Laufe der Jahre wuchs das Unternehmen von einem Ein-Mann-Betrieb zu einem Unternehmen mit 9 Mitarbeitern.&nbsp; F\u00fcr uns ist jedes Problem eine Herausforderung, der wir uns gerne stellen. Dies f\u00fchrt oft zu einem einzigartigen St\u00fcck Ma\u00dfarbeit. Wir bieten auch Standardprodukte [&hellip;]<\/p>\n","protected":false},"author":8,"featured_media":0,"parent":0,"menu_order":2,"comment_status":"closed","ping_status":"closed","template":"templates\/smaller.php","meta":{"footnotes":""},"class_list":["post-1975","page","type-page","status-publish","hentry"],"_links":{"self":[{"href":"https:\/\/mg-products.com\/de\/wp-json\/wp\/v2\/pages\/1975","targetHints":{"allow":["GET"]}}],"collection":[{"href":"https:\/\/mg-products.com\/de\/wp-json\/wp\/v2\/pages"}],"about":[{"href":"https:\/\/mg-products.com\/de\/wp-json\/wp\/v2\/types\/page"}],"author":[{"embeddable":true,"href":"https:\/\/mg-products.com\/de\/wp-json\/wp\/v2\/users\/8"}],"replies":[{"embeddable":true,"href":"https:\/\/mg-products.com\/de\/wp-json\/wp\/v2\/comments?post=1975"}],"version-history":[{"count":1,"href":"https:\/\/mg-products.com\/de\/wp-json\/wp\/v2\/pages\/1975\/revisions"}],"predecessor-version":[{"id":1976,"href":"https:\/\/mg-products.com\/de\/wp-json\/wp\/v2\/pages\/1975\/revisions\/1976"}],"wp:attachment":[{"href":"https:\/\/mg-products.com\/de\/wp-json\/wp\/v2\/media?parent=1975"}],"curies":[{"name":"wp","href":"https:\/\/api.w.org\/{rel}","templated":true}]}}