{"id":1978,"date":"2022-03-09T11:59:19","date_gmt":"2022-03-09T10:59:19","guid":{"rendered":"https:\/\/mg-products-d-o-t-com.alvast-online.nl\/?page_id=1978"},"modified":"2022-03-09T11:59:20","modified_gmt":"2022-03-09T10:59:20","slug":"produkte-2","status":"publish","type":"page","link":"https:\/\/mg-products.com\/de\/produkte-2\/","title":{"rendered":"Produkte"},"content":{"rendered":"\n<div class=\"wp-block-cover alignfull has-background-dim-40 has-primary-background-color has-background-dim\"><img loading=\"lazy\" decoding=\"async\" width=\"2560\" height=\"1707\" class=\"wp-block-cover__image-background wp-image-1298\" alt=\"\" src=\"https:\/\/mg-products.com\/wp-content\/uploads\/2021\/09\/MG_7693-scaled.jpg\" style=\"object-position:48% 49%\" data-object-fit=\"cover\" data-object-position=\"48% 49%\" srcset=\"https:\/\/mg-products.com\/wp-content\/uploads\/2021\/09\/MG_7693-scaled.jpg 2560w, https:\/\/mg-products.com\/wp-content\/uploads\/2021\/09\/MG_7693-300x200.jpg 300w, https:\/\/mg-products.com\/wp-content\/uploads\/2021\/09\/MG_7693-1024x683.jpg 1024w, https:\/\/mg-products.com\/wp-content\/uploads\/2021\/09\/MG_7693-768x512.jpg 768w, https:\/\/mg-products.com\/wp-content\/uploads\/2021\/09\/MG_7693-1536x1024.jpg 1536w, https:\/\/mg-products.com\/wp-content\/uploads\/2021\/09\/MG_7693-2048x1365.jpg 2048w\" sizes=\"auto, (max-width: 2560px) 100vw, 2560px\" \/><div class=\"wp-block-cover__inner-container is-layout-flow wp-block-cover-is-layout-flow\">\n<h1 class=\"has-xxxxl-font-size wp-block-heading\">Produkte<\/h1>\n\n\n\n<p class=\"has-xl-font-size\">Mechanische L\u00f6sungen nach Ma\u00df<\/p>\n<\/div><\/div>\n\n\n\n<div style=\"height:56px\" aria-hidden=\"true\" class=\"wp-block-spacer\"><\/div>\n\n\n\n<div class=\"wp-block-columns is-layout-flex wp-container-core-columns-is-layout-9d6595d7 wp-block-columns-is-layout-flex\">\n<div class=\"wp-block-column is-layout-flow wp-block-column-is-layout-flow\" style=\"flex-basis:75%\">\n<p class=\"has-text-align-left\" style=\"font-size:19px\">MG Products bietet eine breite Palette an mechanischen L\u00f6sungen f\u00fcr die Elektronikindustrie an.<\/p>\n<\/div>\n<\/div>\n\n\n\n<div class=\"wp-block-columns is-layout-flex wp-container-core-columns-is-layout-9d6595d7 wp-block-columns-is-layout-flex\">\n<div class=\"wp-block-column is-layout-flow wp-block-column-is-layout-flow\" style=\"flex-basis:100%\">\n<div class=\"wp-block-columns is-layout-flex wp-container-core-columns-is-layout-9d6595d7 wp-block-columns-is-layout-flex\">\n<div class=\"wp-block-column is-layout-flow wp-block-column-is-layout-flow\" style=\"flex-basis:50%\">\n<p>Wir verwenden verschiedene Materialien, die sich leicht mit CNC bearbeiten lassen. Dar\u00fcber hinaus sind sie ESD-sicher. Zudem sind unsere Materialien bei Bedarf hitzebest\u00e4ndig. Dies gilt f\u00fcr Reflow- und L\u00f6tl\u00f6sungen.<\/p>\n\n\n\n<p>Nachstehend finden Sie die verschiedenen Produktgruppen, in denen wir Ihr Unternehmen unterst\u00fctzen k\u00f6nnen.<\/p>\n<\/div>\n\n\n\n<div class=\"wp-block-column is-layout-flow wp-block-column-is-layout-flow\" style=\"flex-basis:50%\">\n<figure class=\"wp-block-pullquote\" style=\"border-color:#0074A2\"><blockquote class=\"has-text-color has-primary-color\"><p>Haben Sie spezielle W\u00fcnsche? Bitte kontaktieren Sie uns, wir denken gerne mit Ihnen zusammen dar\u00fcber nach.<\/p><\/blockquote><\/figure>\n<\/div>\n<\/div>\n<\/div>\n<\/div>\n\n\n\n<p><\/p>\n\n\n\n<div class=\"wp-block-group alignfull pattern-bg has-info-background-color has-background\"><div class=\"wp-block-group__inner-container is-layout-flow wp-block-group-is-layout-flow\"><div class=\"grid grid-cols-1 md:grid-cols-2 lg:grid-cols-3 gap-8\">\t<div class=\"rounded-xl has-light-background-color\">\n\t\t<a href=\"https:\/\/mg-products.com\/de\/new-products\/test-adapter\/\" class=\"block h-48 w-full rounded-t-xl bg-cover bg-center\" style=\"background-image: url(https:\/\/mg-products.com\/wp-content\/uploads\/2021\/10\/060A5195.jpg);\"><\/a>\n\t\t<div class=\"p-8\">\n\t\t\t<a href=\"https:\/\/mg-products.com\/de\/new-products\/test-adapter\/\" class=\"text-primary\"><h2 class=\"!text-2xl\">Test-Adapter<\/h2><\/a>\n\t\t\t<div class=\"arrow__link\">\n\t\t\t\t<a href=\"https:\/\/mg-products.com\/de\/new-products\/test-adapter\/\" class=\"text-primary\">lees meer<\/a>\n\t\t\t<\/div>\n\t\t<\/div>\n\t<\/div>\n\t\t\t<div class=\"rounded-xl has-light-background-color\">\n\t\t<a href=\"https:\/\/mg-products.com\/de\/new-products\/testsysteme\/\" class=\"block h-48 w-full rounded-t-xl bg-cover bg-center\" style=\"background-image: url(https:\/\/mg-products.com\/wp-content\/uploads\/2021\/09\/CMT_04-2.png);\"><\/a>\n\t\t<div class=\"p-8\">\n\t\t\t<a href=\"https:\/\/mg-products.com\/de\/new-products\/testsysteme\/\" class=\"text-primary\"><h2 class=\"!text-2xl\">Testsysteme<\/h2><\/a>\n\t\t\t<div class=\"arrow__link\">\n\t\t\t\t<a href=\"https:\/\/mg-products.com\/de\/new-products\/testsysteme\/\" class=\"text-primary\">lees meer<\/a>\n\t\t\t<\/div>\n\t\t<\/div>\n\t<\/div>\n\t\t\t<div class=\"rounded-xl has-light-background-color\">\n\t\t<a href=\"https:\/\/mg-products.com\/de\/new-products\/traeger\/\" class=\"block h-48 w-full rounded-t-xl bg-cover bg-center\" style=\"background-image: url(https:\/\/mg-products.com\/wp-content\/uploads\/2021\/10\/060A5933-scaled.jpg);\"><\/a>\n\t\t<div class=\"p-8\">\n\t\t\t<a href=\"https:\/\/mg-products.com\/de\/new-products\/traeger\/\" class=\"text-primary\"><h2 class=\"!text-2xl\">Tr\u00e4ger<\/h2><\/a>\n\t\t\t<div class=\"arrow__link\">\n\t\t\t\t<a href=\"https:\/\/mg-products.com\/de\/new-products\/traeger\/\" class=\"text-primary\">lees meer<\/a>\n\t\t\t<\/div>\n\t\t<\/div>\n\t<\/div>\n\t\t\t<div class=\"rounded-xl has-light-background-color\">\n\t\t<a href=\"https:\/\/mg-products.com\/de\/new-products\/pressfit-tooling\/\" class=\"block h-48 w-full rounded-t-xl bg-cover bg-center\" style=\"background-image: url(https:\/\/mg-products.com\/wp-content\/uploads\/2021\/09\/Press-fit-onderplaat-met-aandrukt-tooling-uitgezoomd-1-scaled.jpg);\"><\/a>\n\t\t<div class=\"p-8\">\n\t\t\t<a href=\"https:\/\/mg-products.com\/de\/new-products\/pressfit-tooling\/\" class=\"text-primary\"><h2 class=\"!text-2xl\">Pressfit Tooling<\/h2><\/a>\n\t\t\t<div class=\"arrow__link\">\n\t\t\t\t<a href=\"https:\/\/mg-products.com\/de\/new-products\/pressfit-tooling\/\" class=\"text-primary\">lees meer<\/a>\n\t\t\t<\/div>\n\t\t<\/div>\n\t<\/div>\n\t\t<\/div>\n<\/div><\/div>\n\n\n\n<div class=\"wp-block-group is-layout-flow wp-block-group-is-layout-flow\"><div class=\"wp-block-group__inner-container\"><\/div><\/div>\n","protected":false},"excerpt":{"rendered":"<p>MG Products bietet eine breite Palette an mechanischen L\u00f6sungen f\u00fcr die Elektronikindustrie an. Wir verwenden verschiedene Materialien, die sich leicht mit CNC bearbeiten lassen. Dar\u00fcber hinaus sind sie ESD-sicher. Zudem sind unsere Materialien bei Bedarf hitzebest\u00e4ndig. Dies gilt f\u00fcr Reflow- und L\u00f6tl\u00f6sungen. Nachstehend finden Sie die verschiedenen Produktgruppen, in denen wir Ihr Unternehmen unterst\u00fctzen k\u00f6nnen. [&hellip;]<\/p>\n","protected":false},"author":8,"featured_media":0,"parent":0,"menu_order":3,"comment_status":"closed","ping_status":"closed","template":"","meta":{"footnotes":""},"class_list":["post-1978","page","type-page","status-publish","hentry"],"_links":{"self":[{"href":"https:\/\/mg-products.com\/de\/wp-json\/wp\/v2\/pages\/1978","targetHints":{"allow":["GET"]}}],"collection":[{"href":"https:\/\/mg-products.com\/de\/wp-json\/wp\/v2\/pages"}],"about":[{"href":"https:\/\/mg-products.com\/de\/wp-json\/wp\/v2\/types\/page"}],"author":[{"embeddable":true,"href":"https:\/\/mg-products.com\/de\/wp-json\/wp\/v2\/users\/8"}],"replies":[{"embeddable":true,"href":"https:\/\/mg-products.com\/de\/wp-json\/wp\/v2\/comments?post=1978"}],"version-history":[{"count":1,"href":"https:\/\/mg-products.com\/de\/wp-json\/wp\/v2\/pages\/1978\/revisions"}],"predecessor-version":[{"id":1979,"href":"https:\/\/mg-products.com\/de\/wp-json\/wp\/v2\/pages\/1978\/revisions\/1979"}],"wp:attachment":[{"href":"https:\/\/mg-products.com\/de\/wp-json\/wp\/v2\/media?parent=1978"}],"curies":[{"name":"wp","href":"https:\/\/api.w.org\/{rel}","templated":true}]}}