{"id":2052,"date":"2022-03-16T14:32:13","date_gmt":"2022-03-16T13:32:13","guid":{"rendered":"https:\/\/mg-products-d-o-t-com.alvast-online.nl\/?page_id=2052"},"modified":"2022-03-22T10:22:52","modified_gmt":"2022-03-22T09:22:52","slug":"unsere-wiederverkaeufer","status":"publish","type":"page","link":"https:\/\/mg-products.com\/de\/unsere-wiederverkaeufer\/","title":{"rendered":"Unsere Wiederverk\u00e4ufer"},"content":{"rendered":"\n<div style=\"height:20px\" aria-hidden=\"true\" class=\"wp-block-spacer\"><\/div>\n\n\n\n<h1 class=\"has-primary-color has-text-color has-xxxxl-font-size wp-block-heading\">Unsere Wiederverk\u00e4ufer<\/h1>\n\n\n\n<div class=\"wp-block-columns is-layout-flex wp-container-core-columns-is-layout-9d6595d7 wp-block-columns-is-layout-flex\">\n<div class=\"wp-block-column is-layout-flow wp-block-column-is-layout-flow\" style=\"flex-basis:66.66%\">\n<p>Der Hauptsitz von MG Products befindet sich in den Niederlanden. Unsere Produkte sind jedoch in ganz Europa und Amerika \u00fcber unsere sorgf\u00e4ltig ausgew\u00e4hlten Wiederverk\u00e4ufer erh\u00e4ltlich.<\/p>\n<\/div>\n\n\n\n<div class=\"wp-block-column is-layout-flow wp-block-column-is-layout-flow\" style=\"flex-basis:33.33%\">\n<figure class=\"wp-block-pullquote is-style-default\" style=\"border-color:#d3dfe8\"><blockquote class=\"has-text-color has-primary-color\"><p>You will find the contact details of our resellers on the map below<\/p><\/blockquote><\/figure>\n<\/div>\n<\/div>\n\n\n        <style>\n            #elm_20 { height: 600px; }\n            .elm-map { margin-bottom: 25px; }\n            .elm-align-full { width: 100vw; margin-left: calc(-50vw + 50%); }\n        <\/style>\n        <div id=\"elm_20\" class=\"elm-map elm-align-full\"><\/div>\n        <script>\n            var elm_map = L.map('elm_20');\n\n            var OpenStreetMap_Mapnik = L.tileLayer('https:\/\/server.arcgisonline.com\/ArcGIS\/rest\/services\/Canvas\/World_Light_Gray_Base\/MapServer\/tile\/{z}\/{y}\/{x}', {\n                attribution: 'Tiles &copy; Esri &mdash; Esri, DeLorme, NAVTEQ',\n                maxZoom: 16\n            }).addTo(elm_map);\n\n                                                        var data = {\"marker_html\":\"        <p><strong>Ignys Ltd<\\\/strong><\\\/p>\\n        <div><img class=\\\"alignnone  wp-image-2475\\\" src=\\\"https:\\\/\\\/mg-products.com\\\/wp-content\\\/uploads\\\/2022\\\/06\\\/Screenshot-2022-06-15-at-11.41.28.png\\\" alt=\\\"\\\" width=\\\"216\\\" height=\\\"104\\\" \\\/><\\\/div>\\n        <p>\\n            <a href=\\\"https:\\\/\\\/mg-products.com\\\/de\\\/locations\\\/ignys-ltd\\\/\\\">Mehr informationen<\\\/a>\\n        <\\\/p>\\n        \",\"coordinates\":{\"lat\":\"52.934459\",\"lng\":\"-1.194568\"}};\n                    var marker = L.marker(data.coordinates)\n                        .bindPopup(data.marker_html)\n                        .addTo(elm_map)\n                        .on('click', function (e) {\n                            this.openPopup();\n                        });\n                                                        var data = {\"marker_html\":\"        <p><strong>Anytest solutions Kft.\\u2028<\\\/strong><\\\/p>\\n        <div><img class=\\\"alignnone size-medium wp-image-2466\\\" src=\\\"https:\\\/\\\/mg-products.com\\\/wp-content\\\/uploads\\\/2022\\\/06\\\/Screenshot-2022-06-15-at-11.37.38-300x105.png\\\" alt=\\\"\\\" width=\\\"300\\\" height=\\\"105\\\" \\\/><\\\/div>\\n        <p>\\n            <a href=\\\"https:\\\/\\\/mg-products.com\\\/de\\\/locations\\\/anytest-solutions-kft-%e2%80%a8\\\/\\\">Mehr informationen<\\\/a>\\n        <\\\/p>\\n        \",\"coordinates\":{\"lat\":\"47.416130\",\"lng\":\"19.019620\"}};\n                    var marker = L.marker(data.coordinates)\n                        .bindPopup(data.marker_html)\n                        .addTo(elm_map)\n                        .on('click', function (e) {\n                            this.openPopup();\n                        });\n                                                        var data = {\"marker_html\":\"        <p><strong>IMT Technologies&Solutions s.r.o.\\u2028<\\\/strong><\\\/p>\\n        <div><p><img class=\\\"alignnone size-medium wp-image-2458\\\" src=\\\"https:\\\/\\\/mg-products.com\\\/wp-content\\\/uploads\\\/2022\\\/06\\\/Screenshot-2022-06-15-at-11.25.00-300x117.png\\\" alt=\\\"\\\" width=\\\"300\\\" height=\\\"117\\\" \\\/><\\\/p><\\\/div>\\n        <p>\\n            <a href=\\\"https:\\\/\\\/mg-products.com\\\/de\\\/locations\\\/imt-technologiessolutions-s-r-o-%e2%80%a8\\\/\\\">Mehr informationen<\\\/a>\\n        <\\\/p>\\n        \",\"coordinates\":{\"lat\":\"49.46353017857428\",\"lng\":\"17.977793481445296\"}};\n                    var marker = L.marker(data.coordinates)\n                        .bindPopup(data.marker_html)\n                        .addTo(elm_map)\n                        .on('click', function (e) {\n                            this.openPopup();\n                        });\n                                                        var data = {\"marker_html\":\"        <p><strong>Columbia Elektronik AB<\\\/strong><\\\/p>\\n        <div><p><img class=\\\"alignnone size-medium wp-image-2428\\\" src=\\\"https:\\\/\\\/mg-products.com\\\/wp-content\\\/uploads\\\/2022\\\/03\\\/Screenshot-2022-06-15-at-10.56.50-300x25.png\\\" alt=\\\"\\\" width=\\\"300\\\" height=\\\"25\\\" \\\/><\\\/p><\\\/div>\\n        <p>\\n            <a href=\\\"https:\\\/\\\/mg-products.com\\\/de\\\/locations\\\/columbia-elektronik-ab\\\/\\\">Mehr informationen<\\\/a>\\n        <\\\/p>\\n        \",\"coordinates\":{\"lat\":\"58.672600\",\"lng\":\"16.363760\"}};\n                    var marker = L.marker(data.coordinates)\n                        .bindPopup(data.marker_html)\n                        .addTo(elm_map)\n                        .on('click', function (e) {\n                            this.openPopup();\n                        });\n                                                        var data = {\"marker_html\":\"        <p><strong>Elektrotek Ltd.<\\\/strong><\\\/p>\\n        <div><p><img class=\\\"alignnone size-medium wp-image-2434\\\" src=\\\"https:\\\/\\\/mg-products.com\\\/wp-content\\\/uploads\\\/2022\\\/03\\\/Screenshot-2022-06-15-at-11.10.54-300x67.png\\\" alt=\\\"\\\" width=\\\"300\\\" height=\\\"67\\\" \\\/><\\\/p><\\\/div>\\n        <p>\\n            <a href=\\\"https:\\\/\\\/mg-products.com\\\/de\\\/locations\\\/elektrotek-ltd\\\/\\\">Mehr informationen<\\\/a>\\n        <\\\/p>\\n        \",\"coordinates\":{\"lat\":\"52.651050\",\"lng\":\"-8.589780\"}};\n                    var marker = L.marker(data.coordinates)\n                        .bindPopup(data.marker_html)\n                        .addTo(elm_map)\n                        .on('click', function (e) {\n                            this.openPopup();\n                        });\n                                                        var data = {\"marker_html\":\"        <p><strong>EST-ng S.R.L.<\\\/strong><\\\/p>\\n        <div><p><img class=\\\"alignnone size-medium wp-image-2440\\\" src=\\\"https:\\\/\\\/mg-products.com\\\/wp-content\\\/uploads\\\/2022\\\/03\\\/Screenshot-2022-06-15-at-11.15.01-300x111.png\\\" alt=\\\"\\\" width=\\\"300\\\" height=\\\"111\\\" \\\/><\\\/p><\\\/div>\\n        <p>\\n            <a href=\\\"https:\\\/\\\/mg-products.com\\\/de\\\/locations\\\/est-ng-s-r-l\\\/\\\">Mehr informationen<\\\/a>\\n        <\\\/p>\\n        \",\"coordinates\":{\"lat\":\"43.282940\",\"lng\":\"13.673250\"}};\n                    var marker = L.marker(data.coordinates)\n                        .bindPopup(data.marker_html)\n                        .addTo(elm_map)\n                        .on('click', function (e) {\n                            this.openPopup();\n                        });\n                                                        var data = {\"marker_html\":\"        <p><strong>UNITES Systems a.s.<\\\/strong><\\\/p>\\n        <div><p><img class=\\\"alignnone size-medium wp-image-2443\\\" src=\\\"https:\\\/\\\/mg-products.com\\\/wp-content\\\/uploads\\\/2022\\\/03\\\/Screenshot-2022-06-15-at-11.17.09-300x176.png\\\" alt=\\\"\\\" width=\\\"300\\\" height=\\\"176\\\" \\\/><\\\/p><\\\/div>\\n        <p>\\n            <a href=\\\"https:\\\/\\\/mg-products.com\\\/de\\\/locations\\\/unites-systems-a-s\\\/\\\">Mehr informationen<\\\/a>\\n        <\\\/p>\\n        \",\"coordinates\":{\"lat\":\"49.469900\",\"lng\":\"17.982300\"}};\n                    var marker = L.marker(data.coordinates)\n                        .bindPopup(data.marker_html)\n                        .addTo(elm_map)\n                        .on('click', function (e) {\n                            this.openPopup();\n                        });\n                                                        var data = {\"marker_html\":\"        <p><strong>H+W Test Products<\\\/strong><\\\/p>\\n        <div><p><img class=\\\"alignnone size-medium wp-image-2454\\\" src=\\\"https:\\\/\\\/mg-products.com\\\/wp-content\\\/uploads\\\/2022\\\/03\\\/Screenshot-2022-06-15-at-11.21.40-300x63.png\\\" alt=\\\"\\\" width=\\\"300\\\" height=\\\"63\\\" \\\/><\\\/p><\\\/div>\\n        <p>\\n            <a href=\\\"https:\\\/\\\/mg-products.com\\\/de\\\/locations\\\/hw-test-products\\\/\\\">Mehr informationen<\\\/a>\\n        <\\\/p>\\n        \",\"coordinates\":{\"lat\":\"41.780375\",\"lng\":\"-71.306105\"}};\n                    var marker = L.marker(data.coordinates)\n                        .bindPopup(data.marker_html)\n                        .addTo(elm_map)\n                        .on('click', function (e) {\n                            this.openPopup();\n                        });\n                \n                elm_map.fitBounds([{\"lat\":\"52.934459\",\"lng\":\"-1.194568\"},{\"lat\":\"47.416130\",\"lng\":\"19.019620\"},{\"lat\":\"49.46353017857428\",\"lng\":\"17.977793481445296\"},{\"lat\":\"58.672600\",\"lng\":\"16.363760\"},{\"lat\":\"52.651050\",\"lng\":\"-8.589780\"},{\"lat\":\"43.282940\",\"lng\":\"13.673250\"},{\"lat\":\"49.469900\",\"lng\":\"17.982300\"},{\"lat\":\"41.780375\",\"lng\":\"-71.306105\"}]);\n        <\/script>\n        ","protected":false},"excerpt":{"rendered":"<p>Unsere Wiederverk\u00e4ufer Der Hauptsitz von MG Products befindet sich in den Niederlanden. Unsere Produkte sind jedoch in ganz Europa und Amerika \u00fcber unsere sorgf\u00e4ltig ausgew\u00e4hlten Wiederverk\u00e4ufer erh\u00e4ltlich. You will find the contact details of our resellers on the map below<\/p>\n","protected":false},"author":8,"featured_media":0,"parent":0,"menu_order":0,"comment_status":"closed","ping_status":"closed","template":"","meta":{"footnotes":""},"class_list":["post-2052","page","type-page","status-publish","hentry"],"_links":{"self":[{"href":"https:\/\/mg-products.com\/de\/wp-json\/wp\/v2\/pages\/2052","targetHints":{"allow":["GET"]}}],"collection":[{"href":"https:\/\/mg-products.com\/de\/wp-json\/wp\/v2\/pages"}],"about":[{"href":"https:\/\/mg-products.com\/de\/wp-json\/wp\/v2\/types\/page"}],"author":[{"embeddable":true,"href":"https:\/\/mg-products.com\/de\/wp-json\/wp\/v2\/users\/8"}],"replies":[{"embeddable":true,"href":"https:\/\/mg-products.com\/de\/wp-json\/wp\/v2\/comments?post=2052"}],"version-history":[{"count":2,"href":"https:\/\/mg-products.com\/de\/wp-json\/wp\/v2\/pages\/2052\/revisions"}],"predecessor-version":[{"id":2418,"href":"https:\/\/mg-products.com\/de\/wp-json\/wp\/v2\/pages\/2052\/revisions\/2418"}],"wp:attachment":[{"href":"https:\/\/mg-products.com\/de\/wp-json\/wp\/v2\/media?parent=2052"}],"curies":[{"name":"wp","href":"https:\/\/api.w.org\/{rel}","templated":true}]}}