{"id":728,"date":"2017-11-13T11:24:35","date_gmt":"2017-11-13T10:24:35","guid":{"rendered":"http:\/\/www.mg-products.com\/de\/?page_id=728"},"modified":"2017-11-13T12:02:24","modified_gmt":"2017-11-13T11:02:24","slug":"ict-adapter","status":"publish","type":"page","link":"https:\/\/mg-products.com\/de\/ict-adapter\/","title":{"rendered":"ICT Adapter"},"content":{"rendered":"<p>[vc_row][vc_column css=&#8220;.vc_custom_1510567523859{margin-top: 15px !important;}&#8220;][vc_column_text]<\/p>\n<h1 class=\"editarea\">Nutzen Sie ICT Adapter um h\u00f6chstm\u00f6gliche Qualit\u00e4t sicherzustellen<\/h1>\n<div class=\"editarea\">\n<p>ICT Adapter werden f\u00fcr das sogenannte In-Circuit-Testverfahren verwendet, mit denen Sie elektrische Baugruppen auf ihre Qualit\u00e4t und m\u00f6gliche Fehler untersuchen k\u00f6nnen. Daf\u00fcr bieten wir Ihnen innovative L\u00f6sungen und Konzepte an, die sich nach Ihren individuellen Anforderungen richten. Damit helfen wir Ihnen, Ihre hohen Qualit\u00e4tsstandards in der Fertigung zu erf\u00fcllen.<\/p>\n<h2>Vorteile und Funktionsweise des ICT<\/h2>\n<p>Im Zuge eines In-Circuit-Testverfahrens (ICT) k\u00f6nnen Sie Ihre elektrischen Bauelemente und best\u00fcckten Leiterplatten auf Best\u00fcckungs-, L\u00f6t- und Einpressfehler untersuchen. Auf Grund der hohen Pr\u00fcfpr\u00e4zision gelingt Ihnen die Sicherstellung von strengen Qualit\u00e4tsstandards, auch bei komplexen Elementen und der stetigen Miniaturisierung der modernen Elektronik. Unsere ICT Adapter L\u00f6sungen eignen sich daher ideal zur Ausf\u00fchrung des Verfahrens.<\/p>\n<p>Dabei wird der ICT Pr\u00fcfadapter individuell auf die betreffende Baugruppe abgestimmt, sodass ein korrektes Pr\u00fcfergebnis, auch bei gro\u00dfen St\u00fcckzahlen, erzielt wird. Die best\u00fcckte Baugruppe wird hierf\u00fcr auf den Adapter angebracht und \u00fcber feine, federnd gelagerte Nadeln bzw. definierte Punkte und Pins elektronisch gepr\u00fcft. Kurzschl\u00fcsse, L\u00f6tfehler, Unterbrechungen und fehlerhafte Bauteile werden so identifiziert und k\u00f6nnen in der Nacharbeit korrigiert werden. Dadurch verringern Sie deutlich die Fehlerquote in der Fertigung und sparen so erheblich an Kosten. Insbesondere in Verbindung mit weiteren Testverfahren, wie der Automatic X-Ray Inspection (AXI) oder der Automatic Optical Inspection (AOI), k\u00f6nnen \u00fcber 95% der Fehler fr\u00fchzeitig entdeckt werden. Ebenso reduziert sich mit Hilfe des Testverfahrens die Zeit der Fehlersuche, die sich ansonsten als extrem aufwendig und langwierig darstellt und zudem hochqualifiziertes Fachpersonal vorrausetzt.<\/p>\n<p>Mit unseren ICT Adaptern k\u00f6nnen Sie die hohe Qualit\u00e4t Ihrer elektronischen Bauteile sicherstellen und komplexe Fehler fr\u00fchzeitig erkennen. Sie profitieren von einer immensen Zeit- und Kostenreduktion, womit sich Ihre Fertigungsprozesse weiter optimieren lassen.<\/p>\n<\/div>\n<p>[\/vc_column_text][\/vc_column][\/vc_row][vc_row][vc_column width=&#8220;1\/2&#8243;][vc_column_text]<\/p>\n<h2>Kontakt<\/h2>\n<p>[\/vc_column_text][vc_single_image image=&#8220;709&#8243; img_size=&#8220;400&#215;300&#8243;][\/vc_column][vc_column width=&#8220;1\/2&#8243; css=&#8220;.vc_custom_1510568121369{margin-top: 65px !important;}&#8220;][contact-form-7 id=&#8220;329&#8243;][\/vc_column][\/vc_row]<\/p>\n","protected":false},"excerpt":{"rendered":"<p>[vc_row][vc_column css=&#8220;.vc_custom_1510567523859{margin-top: 15px !important;}&#8220;][vc_column_text] Nutzen Sie ICT Adapter um h\u00f6chstm\u00f6gliche Qualit\u00e4t sicherzustellen ICT Adapter werden f\u00fcr das sogenannte In-Circuit-Testverfahren verwendet, mit denen Sie elektrische Baugruppen auf ihre Qualit\u00e4t und m\u00f6gliche Fehler untersuchen k\u00f6nnen. Daf\u00fcr bieten wir Ihnen innovative L\u00f6sungen und Konzepte an, die sich nach Ihren individuellen Anforderungen richten. Damit helfen wir Ihnen, Ihre hohen [&hellip;]<\/p>\n","protected":false},"author":2,"featured_media":0,"parent":0,"menu_order":0,"comment_status":"closed","ping_status":"closed","template":"","meta":{"footnotes":""},"class_list":["post-728","page","type-page","status-publish","hentry"],"_links":{"self":[{"href":"https:\/\/mg-products.com\/de\/wp-json\/wp\/v2\/pages\/728","targetHints":{"allow":["GET"]}}],"collection":[{"href":"https:\/\/mg-products.com\/de\/wp-json\/wp\/v2\/pages"}],"about":[{"href":"https:\/\/mg-products.com\/de\/wp-json\/wp\/v2\/types\/page"}],"author":[{"embeddable":true,"href":"https:\/\/mg-products.com\/de\/wp-json\/wp\/v2\/users\/2"}],"replies":[{"embeddable":true,"href":"https:\/\/mg-products.com\/de\/wp-json\/wp\/v2\/comments?post=728"}],"version-history":[{"count":1,"href":"https:\/\/mg-products.com\/de\/wp-json\/wp\/v2\/pages\/728\/revisions"}],"predecessor-version":[{"id":729,"href":"https:\/\/mg-products.com\/de\/wp-json\/wp\/v2\/pages\/728\/revisions\/729"}],"wp:attachment":[{"href":"https:\/\/mg-products.com\/de\/wp-json\/wp\/v2\/media?parent=728"}],"curies":[{"name":"wp","href":"https:\/\/api.w.org\/{rel}","templated":true}]}}